{"id":47,"date":"2014-09-14T09:34:49","date_gmt":"2014-09-14T09:34:49","guid":{"rendered":"http:\/\/codefactory.ddns.net\/ravaglioli.it\/?page_id=47"},"modified":"2026-02-25T08:07:42","modified_gmt":"2026-02-25T08:07:42","slug":"who-we-are","status":"publish","type":"page","link":"https:\/\/spacetest.com\/fr\/company\/who-we-are\/","title":{"rendered":"A propos de nous"},"content":{"rendered":"<p><\/p>\n<p><img loading=\"lazy\" class=\"alignnone wp-image-12886 size-full\" src=\"https:\/\/spacetest.com\/wp-content\/uploads\/2025\/02\/Space-Stabilimento.jpg\" alt=\"\" width=\"678\" height=\"442\" srcset=\"https:\/\/spacetest.com\/wp-content\/uploads\/2025\/02\/Space-Stabilimento.jpg 678w, https:\/\/spacetest.com\/wp-content\/uploads\/2025\/02\/Space-Stabilimento-439x286.jpg 439w, https:\/\/spacetest.com\/wp-content\/uploads\/2025\/02\/Space-Stabilimento-644x420.jpg 644w, https:\/\/spacetest.com\/wp-content\/uploads\/2025\/02\/Space-Stabilimento-200x130.jpg 200w, https:\/\/spacetest.com\/wp-content\/uploads\/2025\/02\/Space-Stabilimento-199x130.jpg 199w, https:\/\/spacetest.com\/wp-content\/uploads\/2025\/02\/Space-Stabilimento-399x260.jpg 399w, https:\/\/spacetest.com\/wp-content\/uploads\/2025\/02\/Space-Stabilimento-400x260.jpg 400w, https:\/\/spacetest.com\/wp-content\/uploads\/2025\/02\/Space-Stabilimento-80x52.jpg 80w, https:\/\/spacetest.com\/wp-content\/uploads\/2025\/02\/Space-Stabilimento-160x104.jpg 160w, https:\/\/spacetest.com\/wp-content\/uploads\/2025\/02\/Space-Stabilimento-50x33.jpg 50w, https:\/\/spacetest.com\/wp-content\/uploads\/2025\/02\/Space-Stabilimento-100x65.jpg 100w\" sizes=\"(max-width: 678px) 100vw, 678px\" \/><\/p>\n<p>&nbsp;<\/p>\n<h2>Space Plant<\/h2>\n<p>Situ\u00e9 \u00e0 Trana (TO), le site focalise ses activit\u00e9s sur l\u2019extension de l\u2019offre commerciale de l\u2019entreprise avec des instruments de diagnostic, entre autres g\u00e9om\u00e9tries de roues et lignes de diagnostic.<\/p>\n<h3>La technologie RAV : une technologie tourn\u00e9e vers le futur<\/h3>\n<p>Sp\u00e9cialis\u00e9 dans la production de dispositifs \u00e9lectroniques utilis\u00e9s dans le secteur automobile, le site mobilise plus de 30 % de sa force de travail dans la recherche et le d\u00e9veloppement de la <em>i-technology<\/em>.<\/p>\n<table style=\"width: 100%; border-collapse: collapse;\">\n<tbody>\n<tr>\n<td style=\"width: 50%; padding: 20px 20px 20px 0px;\">\n<p><img loading=\"lazy\" class=\"alignnone wp-image-12896 size-full\" src=\"https:\/\/spacetest.com\/wp-content\/uploads\/2025\/02\/Logo-VSG-square.png\" alt=\"\" width=\"260\" height=\"260\" srcset=\"https:\/\/spacetest.com\/wp-content\/uploads\/2025\/02\/Logo-VSG-square.png 260w, https:\/\/spacetest.com\/wp-content\/uploads\/2025\/02\/Logo-VSG-square-130x130.png 130w, https:\/\/spacetest.com\/wp-content\/uploads\/2025\/02\/Logo-VSG-square-52x52.png 52w, https:\/\/spacetest.com\/wp-content\/uploads\/2025\/02\/Logo-VSG-square-104x104.png 104w, https:\/\/spacetest.com\/wp-content\/uploads\/2025\/02\/Logo-VSG-square-44x44.png 44w, https:\/\/spacetest.com\/wp-content\/uploads\/2025\/02\/Logo-VSG-square-88x88.png 88w\" sizes=\"(max-width: 260px) 100vw, 260px\" \/><\/p>\n<h2>\u00c0 propos de VSG<\/h2>\n<p>En tant que soci\u00e9t\u00e9 d'exploitation de Dover Corporation, Vehicle Service Group (VSG) propose les plus grandes marques mondiales pour le levage de v\u00e9hicules, le service des roues, la r\u00e9paration des collisions et les \u00e9quipements OEM de rechange. Forts de pr\u00e8s de 100 ans d'exp\u00e9rience, nous concevons, testons, fabriquons, vendons et assurons le support de nos produits avec une seule chose en t\u00eate : nos clients. Pour plus d'informations, visitez vsgdover.com.<\/p>\n<\/td>\n<td style=\"width: 50%; padding: 20px 20px 20px 0px;\">\n<p><img loading=\"lazy\" class=\"alignnone size-full wp-image-12897\" src=\"https:\/\/spacetest.com\/wp-content\/uploads\/2025\/02\/Logo-Dover-square.png\" alt=\"\" width=\"260\" height=\"260\" srcset=\"https:\/\/spacetest.com\/wp-content\/uploads\/2025\/02\/Logo-Dover-square.png 260w, https:\/\/spacetest.com\/wp-content\/uploads\/2025\/02\/Logo-Dover-square-130x130.png 130w, https:\/\/spacetest.com\/wp-content\/uploads\/2025\/02\/Logo-Dover-square-52x52.png 52w, https:\/\/spacetest.com\/wp-content\/uploads\/2025\/02\/Logo-Dover-square-104x104.png 104w, https:\/\/spacetest.com\/wp-content\/uploads\/2025\/02\/Logo-Dover-square-44x44.png 44w, https:\/\/spacetest.com\/wp-content\/uploads\/2025\/02\/Logo-Dover-square-88x88.png 88w\" sizes=\"(max-width: 260px) 100vw, 260px\" \/><\/p>\n<h2>\u00c0 propos de Dover<\/h2>\n<p>Dover est un fabricant et fournisseur de solutions qui exerce des activit\u00e9s diversifi\u00e9es sur le plan mondial et r\u00e9alise des revenus annuels de pr\u00e8s de 8 milliards USD. La soci\u00e9t\u00e9 fournit des \u00e9quipements et des composants innovants, des fournitures consommables, des pi\u00e8ces de rechange, des logiciels, des solutions num\u00e9riques et des services d\u2019assistance \u00e0 travers cinq segments op\u00e9rationnels : Produits d\u2019ing\u00e9nierie, \u00c9nergie et carburant propres, Imagerie et identification, Pompes et solutions de processus, ainsi que Technologies climatiques et de durabilit\u00e9. Dover met \u00e0 profit son empreinte mondiale et son agilit\u00e9 op\u00e9rationnelle pour \u00eatre leader sur les march\u00e9s que nous desservons. Reconnue depuis plus de 70 ans pour son approche entrepreneuriale, son effectif de 24 000 salari\u00e9s se met \u00e0 la place des entreprises et collabore avec ses clients pour red\u00e9finir le champ des possibles. Le si\u00e8ge social de Dover se trouve \u00e0 Downers Grove, Illinois, et la soci\u00e9t\u00e9 est cot\u00e9e \u00e0 la bourse de New York sous le symbole \u00ab DOV \u00bb. De plus amples informations sont disponibles sur le site dovercorporation.com.<\/p>\n<\/td>\n<\/tr>\n<\/tbody>\n<\/table>\n<p><\/p>","protected":false},"excerpt":{"rendered":"&nbsp; Space Plant Situ\u00e9 \u00e0 Trana (TO), le site focalise ses activit\u00e9s sur l\u2019extension de l\u2019offre commerciale de l\u2019entreprise avec des instruments de diagnostic, entre autres g\u00e9om\u00e9tries de roues et lignes de diagnostic. La technologie RAV&#8230; <a class=\"article-more\" href=\"https:\/\/spacetest.com\/fr\/company\/who-we-are\/\">View Article<\/a>","protected":false},"author":1,"featured_media":0,"parent":18,"menu_order":0,"comment_status":"open","ping_status":"open","template":"","meta":[],"acf":[],"yoast_head":"<!-- This site is optimized with the Yoast SEO plugin v17.6 - https:\/\/yoast.com\/wordpress\/plugins\/seo\/ -->\n<title>A propos de nous...<\/title>\n<meta name=\"robots\" content=\"index, follow, max-snippet:-1, max-image-preview:large, max-video-preview:-1\" \/>\n<link rel=\"canonical\" href=\"https:\/\/spacetest.com\/fr\/company\/who-we-are\/\" \/>\n<meta property=\"og:locale\" content=\"fr_FR\" \/>\n<meta property=\"og:type\" content=\"article\" \/>\n<meta property=\"og:title\" content=\"A propos de nous - Space Test\" \/>\n<meta property=\"og:description\" content=\"&nbsp; Space Plant Situ\u00e9 \u00e0 Trana (TO), le site focalise ses activit\u00e9s sur l\u2019extension de l\u2019offre commerciale de l\u2019entreprise avec des instruments de diagnostic, entre autres g\u00e9om\u00e9tries de roues et lignes de diagnostic. La technologie RAV... View Article\" \/>\n<meta property=\"og:url\" content=\"https:\/\/spacetest.com\/company\/who-we-are\/\" \/>\n<meta property=\"og:site_name\" content=\"Space Test\" \/>\n<meta property=\"article:modified_time\" content=\"2026-02-25T08:07:42+00:00\" \/>\n<meta property=\"og:image\" content=\"https:\/\/spacetest.com\/wp-content\/uploads\/2025\/02\/Space-Stabilimento.jpg\" \/>\n<meta name=\"twitter:card\" content=\"summary\" \/>\n<meta name=\"twitter:label1\" content=\"Dur\u00e9e de lecture estim\u00e9e\" \/>\n\t<meta name=\"twitter:data1\" content=\"8 minutes\" \/>\n<script type=\"application\/ld+json\" class=\"yoast-schema-graph\">{\"@context\":\"https:\/\/schema.org\",\"@graph\":[{\"@type\":\"WebSite\",\"@id\":\"https:\/\/spacetest.com\/#website\",\"url\":\"https:\/\/spacetest.com\/\",\"name\":\"Space Test\",\"description\":\"\",\"potentialAction\":[{\"@type\":\"SearchAction\",\"target\":{\"@type\":\"EntryPoint\",\"urlTemplate\":\"https:\/\/spacetest.com\/?s={search_term_string}\"},\"query-input\":\"required name=search_term_string\"}],\"inLanguage\":\"fr-FR\"},{\"@type\":\"ImageObject\",\"@id\":\"https:\/\/spacetest.com\/company\/who-we-are\/#primaryimage\",\"inLanguage\":\"fr-FR\",\"url\":\"https:\/\/spacetest.com\/wp-content\/uploads\/2025\/02\/Space-Stabilimento.jpg\",\"contentUrl\":\"https:\/\/spacetest.com\/wp-content\/uploads\/2025\/02\/Space-Stabilimento.jpg\",\"width\":678,\"height\":442},{\"@type\":\"WebPage\",\"@id\":\"https:\/\/spacetest.com\/company\/who-we-are\/#webpage\",\"url\":\"https:\/\/spacetest.com\/company\/who-we-are\/\",\"name\":\"A propos de nous - Space Test\",\"isPartOf\":{\"@id\":\"https:\/\/spacetest.com\/#website\"},\"primaryImageOfPage\":{\"@id\":\"https:\/\/spacetest.com\/company\/who-we-are\/#primaryimage\"},\"datePublished\":\"2014-09-14T09:34:49+00:00\",\"dateModified\":\"2026-02-25T08:07:42+00:00\",\"breadcrumb\":{\"@id\":\"https:\/\/spacetest.com\/company\/who-we-are\/#breadcrumb\"},\"inLanguage\":\"fr-FR\",\"potentialAction\":[{\"@type\":\"ReadAction\",\"target\":[\"https:\/\/spacetest.com\/company\/who-we-are\/\"]}]},{\"@type\":\"BreadcrumbList\",\"@id\":\"https:\/\/spacetest.com\/company\/who-we-are\/#breadcrumb\",\"itemListElement\":[{\"@type\":\"ListItem\",\"position\":1,\"name\":\"Home\",\"item\":\"https:\/\/spacetest.com\/\"},{\"@type\":\"ListItem\",\"position\":2,\"name\":\"Company\",\"item\":\"https:\/\/spacetest.com\/company\/\"},{\"@type\":\"ListItem\",\"position\":3,\"name\":\"Who we are\"}]}]}<\/script>\n<!-- \/ Yoast SEO plugin. -->","yoast_head_json":{"title":"A propos de nous...","robots":{"index":"index","follow":"follow","max-snippet":"max-snippet:-1","max-image-preview":"max-image-preview:large","max-video-preview":"max-video-preview:-1"},"canonical":"https:\/\/spacetest.com\/fr\/company\/who-we-are\/","og_locale":"fr_FR","og_type":"article","og_title":"A propos de nous - Space Test","og_description":"&nbsp; Space Plant Situ\u00e9 \u00e0 Trana (TO), le site focalise ses activit\u00e9s sur l\u2019extension de l\u2019offre commerciale de l\u2019entreprise avec des instruments de diagnostic, entre autres g\u00e9om\u00e9tries de roues et lignes de diagnostic. La technologie RAV... View Article","og_url":"https:\/\/spacetest.com\/company\/who-we-are\/","og_site_name":"Space Test","article_modified_time":"2026-02-25T08:07:42+00:00","og_image":[{"url":"https:\/\/spacetest.com\/wp-content\/uploads\/2025\/02\/Space-Stabilimento.jpg"}],"twitter_card":"summary","twitter_misc":{"Dur\u00e9e de lecture estim\u00e9e":"8 minutes"},"schema":{"@context":"https:\/\/schema.org","@graph":[{"@type":"WebSite","@id":"https:\/\/spacetest.com\/#website","url":"https:\/\/spacetest.com\/","name":"Space Test","description":"","potentialAction":[{"@type":"SearchAction","target":{"@type":"EntryPoint","urlTemplate":"https:\/\/spacetest.com\/?s={search_term_string}"},"query-input":"required name=search_term_string"}],"inLanguage":"fr-FR"},{"@type":"ImageObject","@id":"https:\/\/spacetest.com\/company\/who-we-are\/#primaryimage","inLanguage":"fr-FR","url":"https:\/\/spacetest.com\/wp-content\/uploads\/2025\/02\/Space-Stabilimento.jpg","contentUrl":"https:\/\/spacetest.com\/wp-content\/uploads\/2025\/02\/Space-Stabilimento.jpg","width":678,"height":442},{"@type":"WebPage","@id":"https:\/\/spacetest.com\/company\/who-we-are\/#webpage","url":"https:\/\/spacetest.com\/company\/who-we-are\/","name":"A propos de nous - Space Test","isPartOf":{"@id":"https:\/\/spacetest.com\/#website"},"primaryImageOfPage":{"@id":"https:\/\/spacetest.com\/company\/who-we-are\/#primaryimage"},"datePublished":"2014-09-14T09:34:49+00:00","dateModified":"2026-02-25T08:07:42+00:00","breadcrumb":{"@id":"https:\/\/spacetest.com\/company\/who-we-are\/#breadcrumb"},"inLanguage":"fr-FR","potentialAction":[{"@type":"ReadAction","target":["https:\/\/spacetest.com\/company\/who-we-are\/"]}]},{"@type":"BreadcrumbList","@id":"https:\/\/spacetest.com\/company\/who-we-are\/#breadcrumb","itemListElement":[{"@type":"ListItem","position":1,"name":"Home","item":"https:\/\/spacetest.com\/"},{"@type":"ListItem","position":2,"name":"Company","item":"https:\/\/spacetest.com\/company\/"},{"@type":"ListItem","position":3,"name":"Who we are"}]}]}},"_links":{"self":[{"href":"https:\/\/spacetest.com\/fr\/wp-json\/wp\/v2\/pages\/47"}],"collection":[{"href":"https:\/\/spacetest.com\/fr\/wp-json\/wp\/v2\/pages"}],"about":[{"href":"https:\/\/spacetest.com\/fr\/wp-json\/wp\/v2\/types\/page"}],"author":[{"embeddable":true,"href":"https:\/\/spacetest.com\/fr\/wp-json\/wp\/v2\/users\/1"}],"replies":[{"embeddable":true,"href":"https:\/\/spacetest.com\/fr\/wp-json\/wp\/v2\/comments?post=47"}],"version-history":[{"count":61,"href":"https:\/\/spacetest.com\/fr\/wp-json\/wp\/v2\/pages\/47\/revisions"}],"predecessor-version":[{"id":13155,"href":"https:\/\/spacetest.com\/fr\/wp-json\/wp\/v2\/pages\/47\/revisions\/13155"}],"up":[{"embeddable":true,"href":"https:\/\/spacetest.com\/fr\/wp-json\/wp\/v2\/pages\/18"}],"wp:attachment":[{"href":"https:\/\/spacetest.com\/fr\/wp-json\/wp\/v2\/media?parent=47"}],"curies":[{"name":"wp","href":"https:\/\/api.w.org\/{rel}","templated":true}]}}