{"id":3798,"date":"2015-02-03T10:36:08","date_gmt":"2015-02-03T10:36:08","guid":{"rendered":"https:\/\/spacetest.com\/?page_id=3798"},"modified":"2021-02-19T09:32:42","modified_gmt":"2021-02-19T09:32:42","slug":"antifrode","status":"publish","type":"page","link":"https:\/\/spacetest.com\/fr\/azienda\/antifrode\/","title":{"rendered":"Fraudes web"},"content":{"rendered":"<p><\/p>\n<p>&nbsp;<\/p>\n<h3>Fraudes Web\/Communication<\/h3>\n<p style=\"text-align: right;\"><em>01 janvier, 2021<\/em><\/p>\n<p>Bonjour<\/p>\n<p>Malheureusement, nous avons eu plusieurs tentatifs de la part d\u2019organisation criminelles d\u2019obtenir les paiements de nos clients sur de comptes bancaires inconnus, au lieu du correcte compte de notre soci\u00e9t\u00e9.<\/p>\n<p>Veuillez noter que notre soci\u00e9t\u00e9 n\u2019informe jamais par E-mail de l\u2019\u00e9ventuel changement de donn\u00e9es bancaires. Elles sont not\u00e9es sur les documents suivants: d\u00e9vis, factures proforma, factures de vente.<\/p>\n<p>Pour quelconque doute ou renseignement, veuillez contacter nos bureaux par t\u00e9l\u00e9phone.<\/p>\n<p>Merci pour votre cooperation, cordialement.<\/p>\n<h4 style=\"text-align: right;\"><strong><em>Space S.r.l.<\/em><\/strong><\/h4>\n<p>&nbsp;<\/p>\n<p>&nbsp;<\/p>\n<p>&nbsp;<\/p>\n<p><\/p>","protected":false},"excerpt":{"rendered":"&nbsp; Fraudes Web\/Communication 01 janvier, 2021 Bonjour Malheureusement, nous avons eu plusieurs tentatifs de la part d\u2019organisation criminelles d\u2019obtenir les paiements de nos clients sur de comptes bancaires inconnus, au lieu du correcte compte de notre&#8230; <a class=\"article-more\" href=\"https:\/\/spacetest.com\/fr\/azienda\/antifrode\/\">View Article<\/a>","protected":false},"author":1,"featured_media":0,"parent":3796,"menu_order":0,"comment_status":"closed","ping_status":"open","template":"","meta":[],"acf":[],"yoast_head":"<!-- This site is optimized with the Yoast SEO plugin v17.6 - https:\/\/yoast.com\/wordpress\/plugins\/seo\/ -->\n<title>Fraudes w...<\/title>\n<meta name=\"robots\" content=\"index, follow, max-snippet:-1, max-image-preview:large, max-video-preview:-1\" \/>\n<link rel=\"canonical\" href=\"https:\/\/spacetest.com\/fr\/azienda\/antifrode\/\" \/>\n<meta property=\"og:locale\" content=\"fr_FR\" \/>\n<meta property=\"og:type\" content=\"article\" \/>\n<meta property=\"og:title\" content=\"Fraudes web  - Space Test\" \/>\n<meta property=\"og:description\" content=\"&nbsp; Fraudes Web\/Communication 01 janvier, 2021 Bonjour Malheureusement, nous avons eu plusieurs tentatifs de la part d\u2019organisation criminelles d\u2019obtenir les paiements de nos clients sur de comptes bancaires inconnus, au lieu du correcte compte de notre... View Article\" \/>\n<meta property=\"og:url\" content=\"https:\/\/spacetest.com\/fr\/azienda\/antifrode\/\" \/>\n<meta property=\"og:site_name\" content=\"Space Test\" \/>\n<meta property=\"article:modified_time\" content=\"2021-02-19T09:32:42+00:00\" \/>\n<meta name=\"twitter:card\" content=\"summary\" \/>\n<meta name=\"twitter:label1\" content=\"Dur\u00e9e de lecture estim\u00e9e\" \/>\n\t<meta name=\"twitter:data1\" content=\"3 minutes\" \/>\n<script type=\"application\/ld+json\" class=\"yoast-schema-graph\">{\"@context\":\"https:\/\/schema.org\",\"@graph\":[{\"@type\":\"WebSite\",\"@id\":\"https:\/\/spacetest.com\/#website\",\"url\":\"https:\/\/spacetest.com\/\",\"name\":\"Space Test\",\"description\":\"\",\"potentialAction\":[{\"@type\":\"SearchAction\",\"target\":{\"@type\":\"EntryPoint\",\"urlTemplate\":\"https:\/\/spacetest.com\/?s={search_term_string}\"},\"query-input\":\"required name=search_term_string\"}],\"inLanguage\":\"fr-FR\"},{\"@type\":\"WebPage\",\"@id\":\"https:\/\/spacetest.com\/fr\/azienda\/antifrode\/#webpage\",\"url\":\"https:\/\/spacetest.com\/fr\/azienda\/antifrode\/\",\"name\":\"Fraudes web  - Space Test\",\"isPartOf\":{\"@id\":\"https:\/\/spacetest.com\/#website\"},\"datePublished\":\"2015-02-03T10:36:08+00:00\",\"dateModified\":\"2021-02-19T09:32:42+00:00\",\"breadcrumb\":{\"@id\":\"https:\/\/spacetest.com\/fr\/azienda\/antifrode\/#breadcrumb\"},\"inLanguage\":\"fr-FR\",\"potentialAction\":[{\"@type\":\"ReadAction\",\"target\":[\"https:\/\/spacetest.com\/fr\/azienda\/antifrode\/\"]}]},{\"@type\":\"BreadcrumbList\",\"@id\":\"https:\/\/spacetest.com\/fr\/azienda\/antifrode\/#breadcrumb\",\"itemListElement\":[{\"@type\":\"ListItem\",\"position\":1,\"name\":\"Home\",\"item\":\"https:\/\/spacetest.com\/\"},{\"@type\":\"ListItem\",\"position\":2,\"name\":\"Azienda\",\"item\":\"https:\/\/spacetest.com\/es\/azienda\/\"},{\"@type\":\"ListItem\",\"position\":3,\"name\":\"Fraudes web\"}]}]}<\/script>\n<!-- \/ Yoast SEO plugin. -->","yoast_head_json":{"title":"Fraudes w...","robots":{"index":"index","follow":"follow","max-snippet":"max-snippet:-1","max-image-preview":"max-image-preview:large","max-video-preview":"max-video-preview:-1"},"canonical":"https:\/\/spacetest.com\/fr\/azienda\/antifrode\/","og_locale":"fr_FR","og_type":"article","og_title":"Fraudes web  - Space Test","og_description":"&nbsp; Fraudes Web\/Communication 01 janvier, 2021 Bonjour Malheureusement, nous avons eu plusieurs tentatifs de la part d\u2019organisation criminelles d\u2019obtenir les paiements de nos clients sur de comptes bancaires inconnus, au lieu du correcte compte de notre... View Article","og_url":"https:\/\/spacetest.com\/fr\/azienda\/antifrode\/","og_site_name":"Space Test","article_modified_time":"2021-02-19T09:32:42+00:00","twitter_card":"summary","twitter_misc":{"Dur\u00e9e de lecture estim\u00e9e":"3 minutes"},"schema":{"@context":"https:\/\/schema.org","@graph":[{"@type":"WebSite","@id":"https:\/\/spacetest.com\/#website","url":"https:\/\/spacetest.com\/","name":"Space Test","description":"","potentialAction":[{"@type":"SearchAction","target":{"@type":"EntryPoint","urlTemplate":"https:\/\/spacetest.com\/?s={search_term_string}"},"query-input":"required name=search_term_string"}],"inLanguage":"fr-FR"},{"@type":"WebPage","@id":"https:\/\/spacetest.com\/fr\/azienda\/antifrode\/#webpage","url":"https:\/\/spacetest.com\/fr\/azienda\/antifrode\/","name":"Fraudes web  - Space Test","isPartOf":{"@id":"https:\/\/spacetest.com\/#website"},"datePublished":"2015-02-03T10:36:08+00:00","dateModified":"2021-02-19T09:32:42+00:00","breadcrumb":{"@id":"https:\/\/spacetest.com\/fr\/azienda\/antifrode\/#breadcrumb"},"inLanguage":"fr-FR","potentialAction":[{"@type":"ReadAction","target":["https:\/\/spacetest.com\/fr\/azienda\/antifrode\/"]}]},{"@type":"BreadcrumbList","@id":"https:\/\/spacetest.com\/fr\/azienda\/antifrode\/#breadcrumb","itemListElement":[{"@type":"ListItem","position":1,"name":"Home","item":"https:\/\/spacetest.com\/"},{"@type":"ListItem","position":2,"name":"Azienda","item":"https:\/\/spacetest.com\/es\/azienda\/"},{"@type":"ListItem","position":3,"name":"Fraudes web"}]}]}},"_links":{"self":[{"href":"https:\/\/spacetest.com\/fr\/wp-json\/wp\/v2\/pages\/3798"}],"collection":[{"href":"https:\/\/spacetest.com\/fr\/wp-json\/wp\/v2\/pages"}],"about":[{"href":"https:\/\/spacetest.com\/fr\/wp-json\/wp\/v2\/types\/page"}],"author":[{"embeddable":true,"href":"https:\/\/spacetest.com\/fr\/wp-json\/wp\/v2\/users\/1"}],"replies":[{"embeddable":true,"href":"https:\/\/spacetest.com\/fr\/wp-json\/wp\/v2\/comments?post=3798"}],"version-history":[{"count":37,"href":"https:\/\/spacetest.com\/fr\/wp-json\/wp\/v2\/pages\/3798\/revisions"}],"predecessor-version":[{"id":10670,"href":"https:\/\/spacetest.com\/fr\/wp-json\/wp\/v2\/pages\/3798\/revisions\/10670"}],"up":[{"embeddable":true,"href":"https:\/\/spacetest.com\/fr\/wp-json\/wp\/v2\/pages\/3796"}],"wp:attachment":[{"href":"https:\/\/spacetest.com\/fr\/wp-json\/wp\/v2\/media?parent=3798"}],"curies":[{"name":"wp","href":"https:\/\/api.w.org\/{rel}","templated":true}]}}