{"id":18,"date":"2014-09-12T18:13:44","date_gmt":"2014-09-12T18:13:44","guid":{"rendered":"http:\/\/codefactory.ddns.net\/ravaglioli.it\/?page_id=18"},"modified":"2015-03-31T17:06:07","modified_gmt":"2015-03-31T17:06:07","slug":"company","status":"publish","type":"page","link":"https:\/\/spacetest.com\/fr\/company\/","title":{"rendered":"Soci\u00e9t\u00e9"},"content":{"rendered":"<p><\/p>\n<p><p><img loading=\"lazy\" class=\"alignnone wp-image-5576 size-full\" src=\"https:\/\/spacetest.com\/wp-content\/uploads\/2014\/09\/Space-Stab2.png\" alt=\"\" width=\"678\" height=\"442\" srcset=\"https:\/\/spacetest.com\/wp-content\/uploads\/2014\/09\/Space-Stab2.png 678w, https:\/\/spacetest.com\/wp-content\/uploads\/2014\/09\/Space-Stab2-200x130.png 200w, https:\/\/spacetest.com\/wp-content\/uploads\/2014\/09\/Space-Stab2-439x286.png 439w, https:\/\/spacetest.com\/wp-content\/uploads\/2014\/09\/Space-Stab2-620x404.png 620w\" sizes=\"(max-width: 678px) 100vw, 678px\" \/><\/p>\n<p><iframe loading=\"lazy\" src=\"\/\/www.youtube.com\/embed\/A-UmpdfNXZE?modestbranding=1&amp;version=3&amp;loop=1&amp;playlist=A-UmpdfNXZE&amp;showinfo=0&amp;controls=0&amp;fs=0&amp;color=white&amp;autohide=2;autoplay=1\" width=\"300\" height=\"150\" frameborder=\"0\"><\/iframe><\/p>\n<p>SPACE S.r.l.\u00a0est situ\u00e9e \u00e0 Trana (Torino) et fait partie d\u2019un groupe industriel tout italien de fabricants d\u2019\u00e9quipements de garage.<\/p>\n<p>A l\u2019int\u00e9rieur du groupe, SPACE S.r.l.\u00a0est sp\u00e9cialis\u00e9e dans le d\u00e9veloppement et la fabrication de syst\u00e8mes \u00e9lectroniques appliqu\u00e9s aux \u00e9quipements de garage et emploie plus du 30% de sa main-d\u2019\u0153uvre dans le D\u00e9partement de Recherche et D\u00e9veloppement.<\/p>\n<p>La collaboration avec les autres soci\u00e9t\u00e9s du groupe permet \u00e0 SPACE S.r.l.\u00a0de proposer \u00e0 ses clients une gamme compl\u00e8te d\u2019\u00e9quipements pour les ateliers de r\u00e9paration automobile et les services pneus, comme:<\/p>\n<ul>\n<li>Appareils pour le contr\u00f4le de g\u00e9om\u00e9trie<\/li>\n<li>Chaines de contr\u00f4le pour VL, PL et motos<\/li>\n<li>El\u00e9vateurs<\/li>\n<li>Equilibreuses<\/li>\n<li>D\u00e9monte-pneus<\/li>\n<\/ul>\n<p>SPACE S.r.l.\u00a0r\u00e9alise des produits de haute qualit\u00e9, innovants, fiables et simples \u00e0 utiliser, gr\u00e2ce auxquels SPACE S.r.l.\u00a0a gagn\u00e9, dans un bref d\u00e9lai, une importante pr\u00e9sence en plus de 40 pays dans le monde.<\/p>\n<\/p>\n<p><\/p>","protected":false},"excerpt":{"rendered":"SPACE S.r.l.\u00a0est situ\u00e9e \u00e0 Trana (Torino) et fait partie d\u2019un groupe industriel tout italien de fabricants d\u2019\u00e9quipements de garage. A l\u2019int\u00e9rieur du groupe, SPACE S.r.l.\u00a0est sp\u00e9cialis\u00e9e dans le d\u00e9veloppement et la fabrication de syst\u00e8mes \u00e9lectroniques appliqu\u00e9s&#8230; <a class=\"article-more\" href=\"https:\/\/spacetest.com\/fr\/company\/\">View Article<\/a>","protected":false},"author":1,"featured_media":0,"parent":0,"menu_order":1,"comment_status":"open","ping_status":"open","template":"","meta":[],"acf":[],"yoast_head":"<!-- This site is optimized with the Yoast SEO plugin v17.6 - https:\/\/yoast.com\/wordpress\/plugins\/seo\/ -->\n<title>CompanyAziendaFirma<\/title>\n<meta name=\"robots\" content=\"index, follow, max-snippet:-1, max-image-preview:large, max-video-preview:-1\" \/>\n<link rel=\"canonical\" href=\"https:\/\/spacetest.com\/fr\/company\/\" \/>\n<meta property=\"og:locale\" content=\"fr_FR\" \/>\n<meta property=\"og:type\" content=\"article\" \/>\n<meta property=\"og:title\" content=\"CompanyAziendaFirmaSoci\u00e9t\u00e9Empresa - Space Test\" \/>\n<meta property=\"og:description\" content=\"SPACE S.r.l.\u00a0est situ\u00e9e \u00e0 Trana (Torino) et fait partie d\u2019un groupe industriel tout italien de fabricants d\u2019\u00e9quipements de garage. A l\u2019int\u00e9rieur du groupe, SPACE S.r.l.\u00a0est sp\u00e9cialis\u00e9e dans le d\u00e9veloppement et la fabrication de syst\u00e8mes \u00e9lectroniques appliqu\u00e9s... View Article\" \/>\n<meta property=\"og:url\" content=\"https:\/\/spacetest.com\/company\/\" \/>\n<meta property=\"og:site_name\" content=\"Space Test\" \/>\n<meta property=\"article:modified_time\" content=\"2015-03-31T17:06:07+00:00\" \/>\n<meta property=\"og:image\" content=\"https:\/\/spacetest.com\/wp-content\/uploads\/2014\/09\/Space-Stab2.png\" \/>\n<meta name=\"twitter:card\" content=\"summary\" \/>\n<meta name=\"twitter:label1\" content=\"Dur\u00e9e de lecture estim\u00e9e\" \/>\n\t<meta name=\"twitter:data1\" content=\"4 minutes\" \/>\n<script type=\"application\/ld+json\" class=\"yoast-schema-graph\">{\"@context\":\"https:\/\/schema.org\",\"@graph\":[{\"@type\":\"WebSite\",\"@id\":\"https:\/\/spacetest.com\/#website\",\"url\":\"https:\/\/spacetest.com\/\",\"name\":\"Space Test\",\"description\":\"\",\"potentialAction\":[{\"@type\":\"SearchAction\",\"target\":{\"@type\":\"EntryPoint\",\"urlTemplate\":\"https:\/\/spacetest.com\/?s={search_term_string}\"},\"query-input\":\"required name=search_term_string\"}],\"inLanguage\":\"fr-FR\"},{\"@type\":\"ImageObject\",\"@id\":\"https:\/\/spacetest.com\/company\/#primaryimage\",\"inLanguage\":\"fr-FR\",\"url\":\"https:\/\/spacetest.com\/wp-content\/uploads\/2014\/09\/Space-Stab2.png\",\"contentUrl\":\"https:\/\/spacetest.com\/wp-content\/uploads\/2014\/09\/Space-Stab2.png\",\"width\":678,\"height\":442},{\"@type\":\"WebPage\",\"@id\":\"https:\/\/spacetest.com\/company\/#webpage\",\"url\":\"https:\/\/spacetest.com\/company\/\",\"name\":\"CompanyAziendaFirmaSoci\\u00e9t\\u00e9Empresa - Space Test\",\"isPartOf\":{\"@id\":\"https:\/\/spacetest.com\/#website\"},\"primaryImageOfPage\":{\"@id\":\"https:\/\/spacetest.com\/company\/#primaryimage\"},\"datePublished\":\"2014-09-12T18:13:44+00:00\",\"dateModified\":\"2015-03-31T17:06:07+00:00\",\"breadcrumb\":{\"@id\":\"https:\/\/spacetest.com\/company\/#breadcrumb\"},\"inLanguage\":\"fr-FR\",\"potentialAction\":[{\"@type\":\"ReadAction\",\"target\":[\"https:\/\/spacetest.com\/company\/\"]}]},{\"@type\":\"BreadcrumbList\",\"@id\":\"https:\/\/spacetest.com\/company\/#breadcrumb\",\"itemListElement\":[{\"@type\":\"ListItem\",\"position\":1,\"name\":\"Home\",\"item\":\"https:\/\/spacetest.com\/\"},{\"@type\":\"ListItem\",\"position\":2,\"name\":\"Company\"}]}]}<\/script>\n<!-- \/ Yoast SEO plugin. -->","yoast_head_json":{"title":"CompanyAziendaFirma","robots":{"index":"index","follow":"follow","max-snippet":"max-snippet:-1","max-image-preview":"max-image-preview:large","max-video-preview":"max-video-preview:-1"},"canonical":"https:\/\/spacetest.com\/fr\/company\/","og_locale":"fr_FR","og_type":"article","og_title":"CompanyAziendaFirmaSoci\u00e9t\u00e9Empresa - Space Test","og_description":"SPACE S.r.l.\u00a0est situ\u00e9e \u00e0 Trana (Torino) et fait partie d\u2019un groupe industriel tout italien de fabricants d\u2019\u00e9quipements de garage. A l\u2019int\u00e9rieur du groupe, SPACE S.r.l.\u00a0est sp\u00e9cialis\u00e9e dans le d\u00e9veloppement et la fabrication de syst\u00e8mes \u00e9lectroniques appliqu\u00e9s... View Article","og_url":"https:\/\/spacetest.com\/company\/","og_site_name":"Space Test","article_modified_time":"2015-03-31T17:06:07+00:00","og_image":[{"url":"https:\/\/spacetest.com\/wp-content\/uploads\/2014\/09\/Space-Stab2.png"}],"twitter_card":"summary","twitter_misc":{"Dur\u00e9e de lecture estim\u00e9e":"4 minutes"},"schema":{"@context":"https:\/\/schema.org","@graph":[{"@type":"WebSite","@id":"https:\/\/spacetest.com\/#website","url":"https:\/\/spacetest.com\/","name":"Space Test","description":"","potentialAction":[{"@type":"SearchAction","target":{"@type":"EntryPoint","urlTemplate":"https:\/\/spacetest.com\/?s={search_term_string}"},"query-input":"required name=search_term_string"}],"inLanguage":"fr-FR"},{"@type":"ImageObject","@id":"https:\/\/spacetest.com\/company\/#primaryimage","inLanguage":"fr-FR","url":"https:\/\/spacetest.com\/wp-content\/uploads\/2014\/09\/Space-Stab2.png","contentUrl":"https:\/\/spacetest.com\/wp-content\/uploads\/2014\/09\/Space-Stab2.png","width":678,"height":442},{"@type":"WebPage","@id":"https:\/\/spacetest.com\/company\/#webpage","url":"https:\/\/spacetest.com\/company\/","name":"CompanyAziendaFirmaSoci\u00e9t\u00e9Empresa - Space Test","isPartOf":{"@id":"https:\/\/spacetest.com\/#website"},"primaryImageOfPage":{"@id":"https:\/\/spacetest.com\/company\/#primaryimage"},"datePublished":"2014-09-12T18:13:44+00:00","dateModified":"2015-03-31T17:06:07+00:00","breadcrumb":{"@id":"https:\/\/spacetest.com\/company\/#breadcrumb"},"inLanguage":"fr-FR","potentialAction":[{"@type":"ReadAction","target":["https:\/\/spacetest.com\/company\/"]}]},{"@type":"BreadcrumbList","@id":"https:\/\/spacetest.com\/company\/#breadcrumb","itemListElement":[{"@type":"ListItem","position":1,"name":"Home","item":"https:\/\/spacetest.com\/"},{"@type":"ListItem","position":2,"name":"Company"}]}]}},"_links":{"self":[{"href":"https:\/\/spacetest.com\/fr\/wp-json\/wp\/v2\/pages\/18"}],"collection":[{"href":"https:\/\/spacetest.com\/fr\/wp-json\/wp\/v2\/pages"}],"about":[{"href":"https:\/\/spacetest.com\/fr\/wp-json\/wp\/v2\/types\/page"}],"author":[{"embeddable":true,"href":"https:\/\/spacetest.com\/fr\/wp-json\/wp\/v2\/users\/1"}],"replies":[{"embeddable":true,"href":"https:\/\/spacetest.com\/fr\/wp-json\/wp\/v2\/comments?post=18"}],"version-history":[{"count":13,"href":"https:\/\/spacetest.com\/fr\/wp-json\/wp\/v2\/pages\/18\/revisions"}],"predecessor-version":[{"id":5579,"href":"https:\/\/spacetest.com\/fr\/wp-json\/wp\/v2\/pages\/18\/revisions\/5579"}],"wp:attachment":[{"href":"https:\/\/spacetest.com\/fr\/wp-json\/wp\/v2\/media?parent=18"}],"curies":[{"name":"wp","href":"https:\/\/api.w.org\/{rel}","templated":true}]}}