{"id":12789,"date":"2024-10-24T14:12:06","date_gmt":"2024-10-24T14:12:06","guid":{"rendered":"https:\/\/spacetest.com\/?page_id=12789"},"modified":"2024-11-27T20:04:25","modified_gmt":"2024-11-27T20:04:25","slug":"access-request-vsg-tech-support","status":"publish","type":"page","link":"https:\/\/spacetest.com\/fr\/access-request-vsg-tech-support\/","title":{"rendered":"Demande d'acc\u00e8s VSG TECH SUPPORT"},"content":{"rendered":"<p><\/p>\n<p><img loading=\"lazy\" class=\"alignnone wp-image-12844 size-full\" src=\"https:\/\/spacetest.com\/wp-content\/uploads\/2024\/11\/Space-hero-access-request-VSG-TECH-SUPPORT-2024.jpg\" alt=\"\" width=\"834\" height=\"236\" srcset=\"https:\/\/spacetest.com\/wp-content\/uploads\/2024\/11\/Space-hero-access-request-VSG-TECH-SUPPORT-2024.jpg 834w, https:\/\/spacetest.com\/wp-content\/uploads\/2024\/11\/Space-hero-access-request-VSG-TECH-SUPPORT-2024-658x186.jpg 658w, https:\/\/spacetest.com\/wp-content\/uploads\/2024\/11\/Space-hero-access-request-VSG-TECH-SUPPORT-2024-768x217.jpg 768w, https:\/\/spacetest.com\/wp-content\/uploads\/2024\/11\/Space-hero-access-request-VSG-TECH-SUPPORT-2024-300x85.jpg 300w, https:\/\/spacetest.com\/wp-content\/uploads\/2024\/11\/Space-hero-access-request-VSG-TECH-SUPPORT-2024-600x170.jpg 600w, https:\/\/spacetest.com\/wp-content\/uploads\/2024\/11\/Space-hero-access-request-VSG-TECH-SUPPORT-2024-91x26.jpg 91w, https:\/\/spacetest.com\/wp-content\/uploads\/2024\/11\/Space-hero-access-request-VSG-TECH-SUPPORT-2024-182x52.jpg 182w, https:\/\/spacetest.com\/wp-content\/uploads\/2024\/11\/Space-hero-access-request-VSG-TECH-SUPPORT-2024-50x14.jpg 50w, https:\/\/spacetest.com\/wp-content\/uploads\/2024\/11\/Space-hero-access-request-VSG-TECH-SUPPORT-2024-100x28.jpg 100w\" sizes=\"(max-width: 834px) 100vw, 834px\" \/><\/p>\n<p>&nbsp;<\/p>\n<h2>Coordonn\u00e9es du contact<\/h2>\n<p>&nbsp;<\/p>\n<div role=\"form\" class=\"wpcf7\" id=\"wpcf7-f12842-o4\" lang=\"fr-FR\" dir=\"ltr\">\n<div class=\"screen-reader-response\"><p role=\"status\" aria-live=\"polite\" aria-atomic=\"true\"><\/p> <ul><\/ul><\/div>\n<form action=\"\/fr\/wp-json\/wp\/v2\/pages\/12789#wpcf7-f12842-o4\" method=\"post\" class=\"wpcf7-form init\" novalidate=\"novalidate\" data-status=\"init\">\n<div style=\"display: none;\">\n<input type=\"hidden\" name=\"_wpcf7\" value=\"12842\" \/>\n<input type=\"hidden\" name=\"_wpcf7_version\" value=\"5.5.2\" \/>\n<input type=\"hidden\" name=\"_wpcf7_locale\" value=\"fr_FR\" \/>\n<input type=\"hidden\" name=\"_wpcf7_unit_tag\" value=\"wpcf7-f12842-o4\" \/>\n<input type=\"hidden\" name=\"_wpcf7_container_post\" value=\"0\" \/>\n<input type=\"hidden\" name=\"_wpcf7_posted_data_hash\" value=\"\" \/>\n<input type=\"hidden\" name=\"_cf7a__timestamp\" value=\"p3Meq0SyIE6s5WPtCn78mw==\" \/>\n<input type=\"hidden\" name=\"_cf7a_version\" value=\"1.0\" \/>\n<input type=\"hidden\" name=\"_cf7a_address\" value=\"kvqyqKSsTNj8dUvugC2H1Q==\" \/>\n<input type=\"hidden\" name=\"_cf7a_referer\" value=\"gm\/8WPDFcDZHzzHz\/0rhiQ==\" \/>\n<input type=\"hidden\" name=\"_cf7a_protocol\" value=\"eaWHLnQaDXqltkgYtPKbDg==\" \/>\n<input type=\"hidden\" name=\"_cf7a_bot_fingerprint\" value=\"p3Meq0SyIE6s5WPtCn78mw==\" \/>\n<input type=\"hidden\" name=\"_cf7a_bot_fingerprint_extras\" value=\"\" \/>\n<input type=\"hidden\" name=\"_cf7a_append_on_submit\" value=\"\" \/>\n<\/div>\n<div class=\"form-field\"><span class=\"form-caption\">Soci\u00e9t\u00e9:*<\/span>  <span class=\"wpcf7-form-control-wrap company\"><input type=\"text\" name=\"company\" value=\"\" size=\"40\" class=\"wpcf7-form-control wpcf7-text wpcf7-validates-as-required form-input\" aria-required=\"true\" aria-invalid=\"false\" \/><\/span><\/div>\n<div class=\"form-field\"><span class=\"form-caption\">Code client VSG:*<\/span>  <span class=\"wpcf7-form-control-wrap customercode\"><input type=\"text\" name=\"customercode\" value=\"\" size=\"40\" class=\"wpcf7-form-control wpcf7-text wpcf7-validates-as-required form-input\" aria-required=\"true\" aria-invalid=\"false\" \/><\/span><\/div>\n<div class=\"form-field\"><span class=\"form-caption\">Nationalit\u00e9:*<\/span>  <span class=\"wpcf7-form-control-wrap Nationality\"><input type=\"text\" name=\"Nationality\" value=\"\" size=\"40\" class=\"wpcf7-form-control wpcf7-text wpcf7-validates-as-required form-input\" aria-required=\"true\" aria-invalid=\"false\" \/><\/span><\/div>\n<div class=\"form-field\"><span class=\"form-caption\">Pr\u00e9nom:*<\/span>  <span class=\"wpcf7-form-control-wrap fname\"><input type=\"text\" name=\"fname\" value=\"\" size=\"40\" class=\"wpcf7-form-control wpcf7-text wpcf7-validates-as-required form-input\" aria-required=\"true\" aria-invalid=\"false\" \/><\/span><\/div>\n<div class=\"form-field\"><span class=\"form-caption\">Nom:*<\/span>  <span class=\"wpcf7-form-control-wrap lname\"><input type=\"text\" name=\"lname\" value=\"\" size=\"40\" class=\"wpcf7-form-control wpcf7-text wpcf7-validates-as-required form-input\" aria-required=\"true\" aria-invalid=\"false\" \/><\/span><\/div>\n<div class=\"form-field\"><span><span class=\"wpcf7-form-control-wrap is-referent\"><span class=\"wpcf7-form-control wpcf7-checkbox\"><span class=\"wpcf7-list-item first last\"><label><input type=\"checkbox\" name=\"is-referent[]\" value=\"Droits d&#039;administration\" \/><span class=\"wpcf7-list-item-label\">Droits d&#039;administration<\/span><\/label><\/span><\/span><\/span><br\/><i style=\"font-size: 80%; margin-left: 2rem; color: #888\">(A cocher si vous souhaitez \u00eatre le r\u00e9f\u00e9rent de votre entreprise)<\/i><\/span><\/div>\n<div class=\"form-field\"><span class=\"form-caption\">Courriel:*<\/span> <span class=\"wpcf7-form-control-wrap email\"><input type=\"email\" name=\"email\" value=\"\" size=\"40\" class=\"wpcf7-form-control wpcf7-text wpcf7-email wpcf7-validates-as-required wpcf7-validates-as-email form-input\" aria-required=\"true\" aria-invalid=\"false\" \/><\/span><\/div>\n<div class=\"form-field\"><span class=\"form-caption\">T\u00e9l\u00e9phone:*<\/span> <span class=\"wpcf7-form-control-wrap telephone\"><input type=\"tel\" name=\"telephone\" value=\"\" size=\"40\" class=\"wpcf7-form-control wpcf7-text wpcf7-tel wpcf7-validates-as-required wpcf7-validates-as-tel form-input\" aria-required=\"true\" aria-invalid=\"false\" \/><\/span><\/div>\n<div class=\"form-text\"><span class=\"form-conditions\"><span class=\"wpcf7-form-control-wrap accept-condition\"><span class=\"wpcf7-form-control wpcf7-acceptance\"><span class=\"wpcf7-list-item\"><input type=\"checkbox\" name=\"accept-condition\" value=\"1\" aria-invalid=\"false\" class=\"form-condition\" \/><\/span><\/span><\/span> J\u2019ai lu et accepte les <a href=\"fr\/contacts\/termini-e-condizioni\/\">Termes et Conditions<\/a><\/span><div class=\"wpcf7-submit-button-cont\"><input type=\"submit\" value=\"Envoyer\" class=\"wpcf7-form-control has-spinner wpcf7-submit\" \/><\/div><\/div><div class=\"wpcf7-response-output\" aria-hidden=\"true\"><\/div><\/form><\/div>\n<p><\/p>","protected":false},"excerpt":{"rendered":"&nbsp; Coordonn\u00e9es du contact &nbsp;","protected":false},"author":1,"featured_media":0,"parent":0,"menu_order":0,"comment_status":"closed","ping_status":"closed","template":"","meta":[],"acf":[],"yoast_head":"<!-- This site is optimized with the Yoast SEO plugin v17.6 - https:\/\/yoast.com\/wordpress\/plugins\/seo\/ -->\n<title>(English) Access request VSG TECH SUPPORT<\/title>\n<meta name=\"robots\" content=\"index, follow, max-snippet:-1, max-image-preview:large, max-video-preview:-1\" \/>\n<link rel=\"canonical\" href=\"https:\/\/spacetest.com\/fr\/access-request-vsg-tech-support\/\" \/>\n<meta property=\"og:locale\" content=\"fr_FR\" \/>\n<meta property=\"og:type\" content=\"article\" \/>\n<meta property=\"og:title\" content=\"Demande d&#039;acc\u00e8s VSG TECH SUPPORT - Space Test\" \/>\n<meta property=\"og:description\" content=\"&nbsp; Coordonn\u00e9es du contact &nbsp;\" \/>\n<meta property=\"og:url\" content=\"https:\/\/spacetest.com\/access-request-vsg-tech-support\/\" \/>\n<meta property=\"og:site_name\" content=\"Space Test\" \/>\n<meta property=\"article:modified_time\" content=\"2024-11-27T20:04:25+00:00\" \/>\n<meta property=\"og:image\" content=\"https:\/\/spacetest.com\/wp-content\/uploads\/2024\/11\/Space-hero-access-request-VSG-TECH-SUPPORT-2024.jpg\" \/>\n<meta name=\"twitter:card\" content=\"summary\" \/>\n<meta name=\"twitter:label1\" content=\"Dur\u00e9e de lecture estim\u00e9e\" \/>\n\t<meta name=\"twitter:data1\" content=\"1 minute\" \/>\n<script type=\"application\/ld+json\" class=\"yoast-schema-graph\">{\"@context\":\"https:\/\/schema.org\",\"@graph\":[{\"@type\":\"WebSite\",\"@id\":\"https:\/\/spacetest.com\/#website\",\"url\":\"https:\/\/spacetest.com\/\",\"name\":\"Space Test\",\"description\":\"\",\"potentialAction\":[{\"@type\":\"SearchAction\",\"target\":{\"@type\":\"EntryPoint\",\"urlTemplate\":\"https:\/\/spacetest.com\/?s={search_term_string}\"},\"query-input\":\"required name=search_term_string\"}],\"inLanguage\":\"fr-FR\"},{\"@type\":\"ImageObject\",\"@id\":\"https:\/\/spacetest.com\/access-request-vsg-tech-support\/#primaryimage\",\"inLanguage\":\"fr-FR\",\"url\":\"https:\/\/spacetest.com\/wp-content\/uploads\/2024\/11\/Space-hero-access-request-VSG-TECH-SUPPORT-2024.jpg\",\"contentUrl\":\"https:\/\/spacetest.com\/wp-content\/uploads\/2024\/11\/Space-hero-access-request-VSG-TECH-SUPPORT-2024.jpg\",\"width\":834,\"height\":236},{\"@type\":\"WebPage\",\"@id\":\"https:\/\/spacetest.com\/access-request-vsg-tech-support\/#webpage\",\"url\":\"https:\/\/spacetest.com\/access-request-vsg-tech-support\/\",\"name\":\"Demande d'acc\\u00e8s VSG TECH SUPPORT - Space Test\",\"isPartOf\":{\"@id\":\"https:\/\/spacetest.com\/#website\"},\"primaryImageOfPage\":{\"@id\":\"https:\/\/spacetest.com\/access-request-vsg-tech-support\/#primaryimage\"},\"datePublished\":\"2024-10-24T14:12:06+00:00\",\"dateModified\":\"2024-11-27T20:04:25+00:00\",\"breadcrumb\":{\"@id\":\"https:\/\/spacetest.com\/access-request-vsg-tech-support\/#breadcrumb\"},\"inLanguage\":\"fr-FR\",\"potentialAction\":[{\"@type\":\"ReadAction\",\"target\":[\"https:\/\/spacetest.com\/access-request-vsg-tech-support\/\"]}]},{\"@type\":\"BreadcrumbList\",\"@id\":\"https:\/\/spacetest.com\/access-request-vsg-tech-support\/#breadcrumb\",\"itemListElement\":[{\"@type\":\"ListItem\",\"position\":1,\"name\":\"Home\",\"item\":\"https:\/\/spacetest.com\/\"},{\"@type\":\"ListItem\",\"position\":2,\"name\":\"Access request VSG TECH SUPPORT\"}]}]}<\/script>\n<!-- \/ Yoast SEO plugin. -->","yoast_head_json":{"title":"(English) Access request VSG TECH SUPPORT","robots":{"index":"index","follow":"follow","max-snippet":"max-snippet:-1","max-image-preview":"max-image-preview:large","max-video-preview":"max-video-preview:-1"},"canonical":"https:\/\/spacetest.com\/fr\/access-request-vsg-tech-support\/","og_locale":"fr_FR","og_type":"article","og_title":"Demande d'acc\u00e8s VSG TECH SUPPORT - Space Test","og_description":"&nbsp; Coordonn\u00e9es du contact &nbsp;","og_url":"https:\/\/spacetest.com\/access-request-vsg-tech-support\/","og_site_name":"Space Test","article_modified_time":"2024-11-27T20:04:25+00:00","og_image":[{"url":"https:\/\/spacetest.com\/wp-content\/uploads\/2024\/11\/Space-hero-access-request-VSG-TECH-SUPPORT-2024.jpg"}],"twitter_card":"summary","twitter_misc":{"Dur\u00e9e de lecture estim\u00e9e":"1 minute"},"schema":{"@context":"https:\/\/schema.org","@graph":[{"@type":"WebSite","@id":"https:\/\/spacetest.com\/#website","url":"https:\/\/spacetest.com\/","name":"Space Test","description":"","potentialAction":[{"@type":"SearchAction","target":{"@type":"EntryPoint","urlTemplate":"https:\/\/spacetest.com\/?s={search_term_string}"},"query-input":"required name=search_term_string"}],"inLanguage":"fr-FR"},{"@type":"ImageObject","@id":"https:\/\/spacetest.com\/access-request-vsg-tech-support\/#primaryimage","inLanguage":"fr-FR","url":"https:\/\/spacetest.com\/wp-content\/uploads\/2024\/11\/Space-hero-access-request-VSG-TECH-SUPPORT-2024.jpg","contentUrl":"https:\/\/spacetest.com\/wp-content\/uploads\/2024\/11\/Space-hero-access-request-VSG-TECH-SUPPORT-2024.jpg","width":834,"height":236},{"@type":"WebPage","@id":"https:\/\/spacetest.com\/access-request-vsg-tech-support\/#webpage","url":"https:\/\/spacetest.com\/access-request-vsg-tech-support\/","name":"Demande d'acc\u00e8s VSG TECH SUPPORT - Space Test","isPartOf":{"@id":"https:\/\/spacetest.com\/#website"},"primaryImageOfPage":{"@id":"https:\/\/spacetest.com\/access-request-vsg-tech-support\/#primaryimage"},"datePublished":"2024-10-24T14:12:06+00:00","dateModified":"2024-11-27T20:04:25+00:00","breadcrumb":{"@id":"https:\/\/spacetest.com\/access-request-vsg-tech-support\/#breadcrumb"},"inLanguage":"fr-FR","potentialAction":[{"@type":"ReadAction","target":["https:\/\/spacetest.com\/access-request-vsg-tech-support\/"]}]},{"@type":"BreadcrumbList","@id":"https:\/\/spacetest.com\/access-request-vsg-tech-support\/#breadcrumb","itemListElement":[{"@type":"ListItem","position":1,"name":"Home","item":"https:\/\/spacetest.com\/"},{"@type":"ListItem","position":2,"name":"Access request VSG TECH SUPPORT"}]}]}},"_links":{"self":[{"href":"https:\/\/spacetest.com\/fr\/wp-json\/wp\/v2\/pages\/12789"}],"collection":[{"href":"https:\/\/spacetest.com\/fr\/wp-json\/wp\/v2\/pages"}],"about":[{"href":"https:\/\/spacetest.com\/fr\/wp-json\/wp\/v2\/types\/page"}],"author":[{"embeddable":true,"href":"https:\/\/spacetest.com\/fr\/wp-json\/wp\/v2\/users\/1"}],"replies":[{"embeddable":true,"href":"https:\/\/spacetest.com\/fr\/wp-json\/wp\/v2\/comments?post=12789"}],"version-history":[{"count":11,"href":"https:\/\/spacetest.com\/fr\/wp-json\/wp\/v2\/pages\/12789\/revisions"}],"predecessor-version":[{"id":12845,"href":"https:\/\/spacetest.com\/fr\/wp-json\/wp\/v2\/pages\/12789\/revisions\/12845"}],"wp:attachment":[{"href":"https:\/\/spacetest.com\/fr\/wp-json\/wp\/v2\/media?parent=12789"}],"curies":[{"name":"wp","href":"https:\/\/api.w.org\/{rel}","templated":true}]}}