{"id":10978,"date":"2021-07-30T14:01:13","date_gmt":"2021-07-30T14:01:13","guid":{"rendered":"https:\/\/spacetest.com\/?page_id=10978"},"modified":"2021-07-30T14:01:13","modified_gmt":"2021-07-30T14:01:13","slug":"spare-parts-web-order-tutorial","status":"publish","type":"page","link":"https:\/\/spacetest.com\/fr\/support\/spare-parts-web-order-tutorial\/","title":{"rendered":"Tutoriel sur les pi\u00e8ces d\u00e9tach\u00e9es web order"},"content":{"rendered":"<p><\/p>\n<p><iframe loading=\"lazy\" title=\"YouTube video player\" src=\"\/\/www.youtube.com\/embed\/jFLuRiM8XSE\" width=\"560\" height=\"315\" frameborder=\"0\" allowfullscreen=\"allowfullscreen\" data-mce-fragment=\"1\"><\/iframe><\/p>\n<p><\/p>","protected":false},"excerpt":{"rendered":"","protected":false},"author":1,"featured_media":0,"parent":30,"menu_order":0,"comment_status":"closed","ping_status":"closed","template":"","meta":[],"acf":[],"yoast_head":"<!-- This site is optimized with the Yoast SEO plugin v17.6 - https:\/\/yoast.com\/wordpress\/plugins\/seo\/ -->\n<title>(English) Spare parts web order tutorial<\/title>\n<meta name=\"robots\" content=\"index, follow, max-snippet:-1, max-image-preview:large, max-video-preview:-1\" \/>\n<link rel=\"canonical\" href=\"https:\/\/spacetest.com\/fr\/support\/spare-parts-web-order-tutorial\/\" \/>\n<meta property=\"og:locale\" content=\"fr_FR\" \/>\n<meta property=\"og:type\" content=\"article\" \/>\n<meta property=\"og:title\" content=\"Tutoriel sur les pi\u00e8ces d\u00e9tach\u00e9es web order - Space Test\" \/>\n<meta property=\"og:url\" content=\"https:\/\/spacetest.com\/support\/spare-parts-web-order-tutorial\/\" \/>\n<meta property=\"og:site_name\" content=\"Space Test\" \/>\n<meta name=\"twitter:card\" content=\"summary\" \/>\n<script type=\"application\/ld+json\" class=\"yoast-schema-graph\">{\"@context\":\"https:\/\/schema.org\",\"@graph\":[{\"@type\":\"WebSite\",\"@id\":\"https:\/\/spacetest.com\/#website\",\"url\":\"https:\/\/spacetest.com\/\",\"name\":\"Space Test\",\"description\":\"\",\"potentialAction\":[{\"@type\":\"SearchAction\",\"target\":{\"@type\":\"EntryPoint\",\"urlTemplate\":\"https:\/\/spacetest.com\/?s={search_term_string}\"},\"query-input\":\"required name=search_term_string\"}],\"inLanguage\":\"fr-FR\"},{\"@type\":\"WebPage\",\"@id\":\"https:\/\/spacetest.com\/support\/spare-parts-web-order-tutorial\/#webpage\",\"url\":\"https:\/\/spacetest.com\/support\/spare-parts-web-order-tutorial\/\",\"name\":\"Tutoriel sur les pi\\u00e8ces d\\u00e9tach\\u00e9es web order - Space Test\",\"isPartOf\":{\"@id\":\"https:\/\/spacetest.com\/#website\"},\"datePublished\":\"2021-07-30T14:01:13+00:00\",\"dateModified\":\"2021-07-30T14:01:13+00:00\",\"breadcrumb\":{\"@id\":\"https:\/\/spacetest.com\/support\/spare-parts-web-order-tutorial\/#breadcrumb\"},\"inLanguage\":\"fr-FR\",\"potentialAction\":[{\"@type\":\"ReadAction\",\"target\":[\"https:\/\/spacetest.com\/support\/spare-parts-web-order-tutorial\/\"]}]},{\"@type\":\"BreadcrumbList\",\"@id\":\"https:\/\/spacetest.com\/support\/spare-parts-web-order-tutorial\/#breadcrumb\",\"itemListElement\":[{\"@type\":\"ListItem\",\"position\":1,\"name\":\"Home\",\"item\":\"https:\/\/spacetest.com\/\"},{\"@type\":\"ListItem\",\"position\":2,\"name\":\"Apoyo t\\u00e9cnico\",\"item\":\"https:\/\/spacetest.com\/es\/support\/\"},{\"@type\":\"ListItem\",\"position\":3,\"name\":\"Spare parts web order tutorial\"}]}]}<\/script>\n<!-- \/ Yoast SEO plugin. -->","yoast_head_json":{"title":"(English) Spare parts web order tutorial","robots":{"index":"index","follow":"follow","max-snippet":"max-snippet:-1","max-image-preview":"max-image-preview:large","max-video-preview":"max-video-preview:-1"},"canonical":"https:\/\/spacetest.com\/fr\/support\/spare-parts-web-order-tutorial\/","og_locale":"fr_FR","og_type":"article","og_title":"Tutoriel sur les pi\u00e8ces d\u00e9tach\u00e9es web order - Space Test","og_url":"https:\/\/spacetest.com\/support\/spare-parts-web-order-tutorial\/","og_site_name":"Space Test","twitter_card":"summary","schema":{"@context":"https:\/\/schema.org","@graph":[{"@type":"WebSite","@id":"https:\/\/spacetest.com\/#website","url":"https:\/\/spacetest.com\/","name":"Space Test","description":"","potentialAction":[{"@type":"SearchAction","target":{"@type":"EntryPoint","urlTemplate":"https:\/\/spacetest.com\/?s={search_term_string}"},"query-input":"required name=search_term_string"}],"inLanguage":"fr-FR"},{"@type":"WebPage","@id":"https:\/\/spacetest.com\/support\/spare-parts-web-order-tutorial\/#webpage","url":"https:\/\/spacetest.com\/support\/spare-parts-web-order-tutorial\/","name":"Tutoriel sur les pi\u00e8ces d\u00e9tach\u00e9es web order - Space Test","isPartOf":{"@id":"https:\/\/spacetest.com\/#website"},"datePublished":"2021-07-30T14:01:13+00:00","dateModified":"2021-07-30T14:01:13+00:00","breadcrumb":{"@id":"https:\/\/spacetest.com\/support\/spare-parts-web-order-tutorial\/#breadcrumb"},"inLanguage":"fr-FR","potentialAction":[{"@type":"ReadAction","target":["https:\/\/spacetest.com\/support\/spare-parts-web-order-tutorial\/"]}]},{"@type":"BreadcrumbList","@id":"https:\/\/spacetest.com\/support\/spare-parts-web-order-tutorial\/#breadcrumb","itemListElement":[{"@type":"ListItem","position":1,"name":"Home","item":"https:\/\/spacetest.com\/"},{"@type":"ListItem","position":2,"name":"Apoyo t\u00e9cnico","item":"https:\/\/spacetest.com\/es\/support\/"},{"@type":"ListItem","position":3,"name":"Spare parts web order tutorial"}]}]}},"_links":{"self":[{"href":"https:\/\/spacetest.com\/fr\/wp-json\/wp\/v2\/pages\/10978"}],"collection":[{"href":"https:\/\/spacetest.com\/fr\/wp-json\/wp\/v2\/pages"}],"about":[{"href":"https:\/\/spacetest.com\/fr\/wp-json\/wp\/v2\/types\/page"}],"author":[{"embeddable":true,"href":"https:\/\/spacetest.com\/fr\/wp-json\/wp\/v2\/users\/1"}],"replies":[{"embeddable":true,"href":"https:\/\/spacetest.com\/fr\/wp-json\/wp\/v2\/comments?post=10978"}],"version-history":[{"count":1,"href":"https:\/\/spacetest.com\/fr\/wp-json\/wp\/v2\/pages\/10978\/revisions"}],"predecessor-version":[{"id":10979,"href":"https:\/\/spacetest.com\/fr\/wp-json\/wp\/v2\/pages\/10978\/revisions\/10979"}],"up":[{"embeddable":true,"href":"https:\/\/spacetest.com\/fr\/wp-json\/wp\/v2\/pages\/30"}],"wp:attachment":[{"href":"https:\/\/spacetest.com\/fr\/wp-json\/wp\/v2\/media?parent=10978"}],"curies":[{"name":"wp","href":"https:\/\/api.w.org\/{rel}","templated":true}]}}