{"id":47,"date":"2014-09-14T09:34:49","date_gmt":"2014-09-14T09:34:49","guid":{"rendered":"http:\/\/codefactory.ddns.net\/ravaglioli.it\/?page_id=47"},"modified":"2026-02-25T08:07:42","modified_gmt":"2026-02-25T08:07:42","slug":"who-we-are","status":"publish","type":"page","link":"https:\/\/spacetest.com\/es\/company\/who-we-are\/","title":{"rendered":"Sobre nosotros"},"content":{"rendered":"<p><\/p>\n<p><img loading=\"lazy\" class=\"alignnone wp-image-12886 size-full\" src=\"https:\/\/spacetest.com\/wp-content\/uploads\/2025\/02\/Space-Stabilimento.jpg\" alt=\"\" width=\"678\" height=\"442\" srcset=\"https:\/\/spacetest.com\/wp-content\/uploads\/2025\/02\/Space-Stabilimento.jpg 678w, https:\/\/spacetest.com\/wp-content\/uploads\/2025\/02\/Space-Stabilimento-439x286.jpg 439w, https:\/\/spacetest.com\/wp-content\/uploads\/2025\/02\/Space-Stabilimento-644x420.jpg 644w, https:\/\/spacetest.com\/wp-content\/uploads\/2025\/02\/Space-Stabilimento-200x130.jpg 200w, https:\/\/spacetest.com\/wp-content\/uploads\/2025\/02\/Space-Stabilimento-199x130.jpg 199w, https:\/\/spacetest.com\/wp-content\/uploads\/2025\/02\/Space-Stabilimento-399x260.jpg 399w, https:\/\/spacetest.com\/wp-content\/uploads\/2025\/02\/Space-Stabilimento-400x260.jpg 400w, https:\/\/spacetest.com\/wp-content\/uploads\/2025\/02\/Space-Stabilimento-80x52.jpg 80w, https:\/\/spacetest.com\/wp-content\/uploads\/2025\/02\/Space-Stabilimento-160x104.jpg 160w, https:\/\/spacetest.com\/wp-content\/uploads\/2025\/02\/Space-Stabilimento-50x33.jpg 50w, https:\/\/spacetest.com\/wp-content\/uploads\/2025\/02\/Space-Stabilimento-100x65.jpg 100w\" sizes=\"(max-width: 678px) 100vw, 678px\" \/><\/p>\n<p>&nbsp;<\/p>\n<h2>Space Plant<\/h2>\n<p>Ubicada en Trana (TO), se centra en ampliar la oferta comercial de la empresa con instrumentos de diagn\u00f3stico, como alineadores de ruedas y l\u00edneas de diagn\u00f3stico.<\/p>\n<h3>La mirada futur\u00edstica de la tecnolog\u00eda RAV<\/h3>\n<p>Especializada en la producci\u00f3n de equipos electr\u00f3nicos aplicados al sector automovil\u00edstico, dedica m\u00e1s del 30% de su mano de obra a la investigaci\u00f3n y el desarrollo de la <em>i-technology.<\/em><\/p>\n<table style=\"width: 100%; border-collapse: collapse;\">\n<tbody>\n<tr>\n<td style=\"width: 50%; padding: 20px 20px 20px 0px;\">\n<p><img loading=\"lazy\" class=\"alignnone wp-image-12896 size-full\" src=\"https:\/\/spacetest.com\/wp-content\/uploads\/2025\/02\/Logo-VSG-square.png\" alt=\"\" width=\"260\" height=\"260\" srcset=\"https:\/\/spacetest.com\/wp-content\/uploads\/2025\/02\/Logo-VSG-square.png 260w, https:\/\/spacetest.com\/wp-content\/uploads\/2025\/02\/Logo-VSG-square-130x130.png 130w, https:\/\/spacetest.com\/wp-content\/uploads\/2025\/02\/Logo-VSG-square-52x52.png 52w, https:\/\/spacetest.com\/wp-content\/uploads\/2025\/02\/Logo-VSG-square-104x104.png 104w, https:\/\/spacetest.com\/wp-content\/uploads\/2025\/02\/Logo-VSG-square-44x44.png 44w, https:\/\/spacetest.com\/wp-content\/uploads\/2025\/02\/Logo-VSG-square-88x88.png 88w\" sizes=\"(max-width: 260px) 100vw, 260px\" \/><\/p>\n<h2>Sobre VSG<\/h2>\n<p>Como empresa operativa de Dover Corporation, Vehicle Service Group (VSG) ofrece las m\u00e1s prestigiosas marcas del mundo en elevaci\u00f3n de veh\u00edculos, servicio de ruedas, reparaci\u00f3n de colisiones y equipos OEM del mercado posventa. Con casi 100 a\u00f1os de experiencia, dise\u00f1amos, probamos, fabricamos, vendemos y prestamos asistencia a nuestros productos pensando en una sola cosa: nuestros clientes. Para m\u00e1s informaci\u00f3n, visite vsgdover.com.<\/p>\n<\/td>\n<td style=\"width: 50%; padding: 20px 20px 20px 0px;\">\n<p><img loading=\"lazy\" class=\"alignnone size-full wp-image-12897\" src=\"https:\/\/spacetest.com\/wp-content\/uploads\/2025\/02\/Logo-Dover-square.png\" alt=\"\" width=\"260\" height=\"260\" srcset=\"https:\/\/spacetest.com\/wp-content\/uploads\/2025\/02\/Logo-Dover-square.png 260w, https:\/\/spacetest.com\/wp-content\/uploads\/2025\/02\/Logo-Dover-square-130x130.png 130w, https:\/\/spacetest.com\/wp-content\/uploads\/2025\/02\/Logo-Dover-square-52x52.png 52w, https:\/\/spacetest.com\/wp-content\/uploads\/2025\/02\/Logo-Dover-square-104x104.png 104w, https:\/\/spacetest.com\/wp-content\/uploads\/2025\/02\/Logo-Dover-square-44x44.png 44w, https:\/\/spacetest.com\/wp-content\/uploads\/2025\/02\/Logo-Dover-square-88x88.png 88w\" sizes=\"(max-width: 260px) 100vw, 260px\" \/><\/p>\n<h2>Sobre Dover<\/h2>\n<p>Dover es un fabricante global diversificado y proveedor de soluciones con ingresos anuales de aproximadamente 8,000 millones de USD. Ofrecemos equipos y componentes, consumibles, piezas de repuesto, software y soluciones digitales, y servicios de soporte innovadores a trav\u00e9s de cinco segmentos operativos: Productos de Ingenier\u00eda, Energ\u00eda Limpia y Abastecimiento de Combustible, Im\u00e1genes e Identificaci\u00f3n, Soluciones de Bombas y de Procesos, y Tecnolog\u00edas de Climatizaci\u00f3n y Sostenibilidad. Dover combina la escala global con la agilidad operativa para liderar los mercados en los que prestamos servicios. Nuestro equipo de m\u00e1s de 24,000 empleados, que ha sido reconocido por su enfoque empresarial durante m\u00e1s de 70 a\u00f1os, trabaja con una mentalidad de liderazgo, colaborando con los clientes para redefinir lo que es posible. Con sede en Downers Grove, Illinois, Dover cotiza en la Bolsa de Nueva York con la denominaci\u00f3n \u201cDOV\u201d. Para obtener m\u00e1s informaci\u00f3n visite dovercorporation.com.<\/p>\n<\/td>\n<\/tr>\n<\/tbody>\n<\/table>\n<p><\/p>","protected":false},"excerpt":{"rendered":"&nbsp; Space Plant Ubicada en Trana (TO), se centra en ampliar la oferta comercial de la empresa con instrumentos de diagn\u00f3stico, como alineadores de ruedas y l\u00edneas de diagn\u00f3stico. La mirada futur\u00edstica de la tecnolog\u00eda RAV&#8230; <a class=\"article-more\" href=\"https:\/\/spacetest.com\/es\/company\/who-we-are\/\">View Article<\/a>","protected":false},"author":1,"featured_media":0,"parent":18,"menu_order":0,"comment_status":"open","ping_status":"open","template":"","meta":[],"acf":[],"yoast_head":"<!-- This site is optimized with the Yoast SEO plugin v17.6 - https:\/\/yoast.com\/wordpress\/plugins\/seo\/ -->\n<title>(English) Who we are<\/title>\n<meta name=\"robots\" content=\"index, follow, max-snippet:-1, max-image-preview:large, max-video-preview:-1\" \/>\n<link rel=\"canonical\" href=\"https:\/\/spacetest.com\/es\/company\/who-we-are\/\" \/>\n<meta property=\"og:locale\" content=\"es_ES\" \/>\n<meta property=\"og:type\" content=\"article\" \/>\n<meta property=\"og:title\" content=\"Sobre nosotros - Space Test\" \/>\n<meta property=\"og:description\" content=\"&nbsp; Space Plant Ubicada en Trana (TO), se centra en ampliar la oferta comercial de la empresa con instrumentos de diagn\u00f3stico, como alineadores de ruedas y l\u00edneas de diagn\u00f3stico. La mirada futur\u00edstica de la tecnolog\u00eda RAV... View Article\" \/>\n<meta property=\"og:url\" content=\"https:\/\/spacetest.com\/company\/who-we-are\/\" \/>\n<meta property=\"og:site_name\" content=\"Space Test\" \/>\n<meta property=\"article:modified_time\" content=\"2026-02-25T08:07:42+00:00\" \/>\n<meta property=\"og:image\" content=\"https:\/\/spacetest.com\/wp-content\/uploads\/2025\/02\/Space-Stabilimento.jpg\" \/>\n<meta name=\"twitter:card\" content=\"summary\" \/>\n<meta name=\"twitter:label1\" content=\"Tiempo de lectura\" \/>\n\t<meta name=\"twitter:data1\" content=\"8 minutos\" \/>\n<script type=\"application\/ld+json\" class=\"yoast-schema-graph\">{\"@context\":\"https:\/\/schema.org\",\"@graph\":[{\"@type\":\"WebSite\",\"@id\":\"https:\/\/spacetest.com\/#website\",\"url\":\"https:\/\/spacetest.com\/\",\"name\":\"Space Test\",\"description\":\"\",\"potentialAction\":[{\"@type\":\"SearchAction\",\"target\":{\"@type\":\"EntryPoint\",\"urlTemplate\":\"https:\/\/spacetest.com\/?s={search_term_string}\"},\"query-input\":\"required name=search_term_string\"}],\"inLanguage\":\"es\"},{\"@type\":\"ImageObject\",\"@id\":\"https:\/\/spacetest.com\/company\/who-we-are\/#primaryimage\",\"inLanguage\":\"es\",\"url\":\"https:\/\/spacetest.com\/wp-content\/uploads\/2025\/02\/Space-Stabilimento.jpg\",\"contentUrl\":\"https:\/\/spacetest.com\/wp-content\/uploads\/2025\/02\/Space-Stabilimento.jpg\",\"width\":678,\"height\":442},{\"@type\":\"WebPage\",\"@id\":\"https:\/\/spacetest.com\/company\/who-we-are\/#webpage\",\"url\":\"https:\/\/spacetest.com\/company\/who-we-are\/\",\"name\":\"Sobre nosotros - Space Test\",\"isPartOf\":{\"@id\":\"https:\/\/spacetest.com\/#website\"},\"primaryImageOfPage\":{\"@id\":\"https:\/\/spacetest.com\/company\/who-we-are\/#primaryimage\"},\"datePublished\":\"2014-09-14T09:34:49+00:00\",\"dateModified\":\"2026-02-25T08:07:42+00:00\",\"breadcrumb\":{\"@id\":\"https:\/\/spacetest.com\/company\/who-we-are\/#breadcrumb\"},\"inLanguage\":\"es\",\"potentialAction\":[{\"@type\":\"ReadAction\",\"target\":[\"https:\/\/spacetest.com\/company\/who-we-are\/\"]}]},{\"@type\":\"BreadcrumbList\",\"@id\":\"https:\/\/spacetest.com\/company\/who-we-are\/#breadcrumb\",\"itemListElement\":[{\"@type\":\"ListItem\",\"position\":1,\"name\":\"Home\",\"item\":\"https:\/\/spacetest.com\/\"},{\"@type\":\"ListItem\",\"position\":2,\"name\":\"Company\",\"item\":\"https:\/\/spacetest.com\/company\/\"},{\"@type\":\"ListItem\",\"position\":3,\"name\":\"Who we are\"}]}]}<\/script>\n<!-- \/ Yoast SEO plugin. -->","yoast_head_json":{"title":"(English) Who we are","robots":{"index":"index","follow":"follow","max-snippet":"max-snippet:-1","max-image-preview":"max-image-preview:large","max-video-preview":"max-video-preview:-1"},"canonical":"https:\/\/spacetest.com\/es\/company\/who-we-are\/","og_locale":"es_ES","og_type":"article","og_title":"Sobre nosotros - Space Test","og_description":"&nbsp; Space Plant Ubicada en Trana (TO), se centra en ampliar la oferta comercial de la empresa con instrumentos de diagn\u00f3stico, como alineadores de ruedas y l\u00edneas de diagn\u00f3stico. La mirada futur\u00edstica de la tecnolog\u00eda RAV... View Article","og_url":"https:\/\/spacetest.com\/company\/who-we-are\/","og_site_name":"Space Test","article_modified_time":"2026-02-25T08:07:42+00:00","og_image":[{"url":"https:\/\/spacetest.com\/wp-content\/uploads\/2025\/02\/Space-Stabilimento.jpg"}],"twitter_card":"summary","twitter_misc":{"Tiempo de lectura":"8 minutos"},"schema":{"@context":"https:\/\/schema.org","@graph":[{"@type":"WebSite","@id":"https:\/\/spacetest.com\/#website","url":"https:\/\/spacetest.com\/","name":"Space Test","description":"","potentialAction":[{"@type":"SearchAction","target":{"@type":"EntryPoint","urlTemplate":"https:\/\/spacetest.com\/?s={search_term_string}"},"query-input":"required name=search_term_string"}],"inLanguage":"es"},{"@type":"ImageObject","@id":"https:\/\/spacetest.com\/company\/who-we-are\/#primaryimage","inLanguage":"es","url":"https:\/\/spacetest.com\/wp-content\/uploads\/2025\/02\/Space-Stabilimento.jpg","contentUrl":"https:\/\/spacetest.com\/wp-content\/uploads\/2025\/02\/Space-Stabilimento.jpg","width":678,"height":442},{"@type":"WebPage","@id":"https:\/\/spacetest.com\/company\/who-we-are\/#webpage","url":"https:\/\/spacetest.com\/company\/who-we-are\/","name":"Sobre nosotros - Space Test","isPartOf":{"@id":"https:\/\/spacetest.com\/#website"},"primaryImageOfPage":{"@id":"https:\/\/spacetest.com\/company\/who-we-are\/#primaryimage"},"datePublished":"2014-09-14T09:34:49+00:00","dateModified":"2026-02-25T08:07:42+00:00","breadcrumb":{"@id":"https:\/\/spacetest.com\/company\/who-we-are\/#breadcrumb"},"inLanguage":"es","potentialAction":[{"@type":"ReadAction","target":["https:\/\/spacetest.com\/company\/who-we-are\/"]}]},{"@type":"BreadcrumbList","@id":"https:\/\/spacetest.com\/company\/who-we-are\/#breadcrumb","itemListElement":[{"@type":"ListItem","position":1,"name":"Home","item":"https:\/\/spacetest.com\/"},{"@type":"ListItem","position":2,"name":"Company","item":"https:\/\/spacetest.com\/company\/"},{"@type":"ListItem","position":3,"name":"Who we are"}]}]}},"_links":{"self":[{"href":"https:\/\/spacetest.com\/es\/wp-json\/wp\/v2\/pages\/47"}],"collection":[{"href":"https:\/\/spacetest.com\/es\/wp-json\/wp\/v2\/pages"}],"about":[{"href":"https:\/\/spacetest.com\/es\/wp-json\/wp\/v2\/types\/page"}],"author":[{"embeddable":true,"href":"https:\/\/spacetest.com\/es\/wp-json\/wp\/v2\/users\/1"}],"replies":[{"embeddable":true,"href":"https:\/\/spacetest.com\/es\/wp-json\/wp\/v2\/comments?post=47"}],"version-history":[{"count":61,"href":"https:\/\/spacetest.com\/es\/wp-json\/wp\/v2\/pages\/47\/revisions"}],"predecessor-version":[{"id":13155,"href":"https:\/\/spacetest.com\/es\/wp-json\/wp\/v2\/pages\/47\/revisions\/13155"}],"up":[{"embeddable":true,"href":"https:\/\/spacetest.com\/es\/wp-json\/wp\/v2\/pages\/18"}],"wp:attachment":[{"href":"https:\/\/spacetest.com\/es\/wp-json\/wp\/v2\/media?parent=47"}],"curies":[{"name":"wp","href":"https:\/\/api.w.org\/{rel}","templated":true}]}}