{"id":18,"date":"2014-09-12T18:13:44","date_gmt":"2014-09-12T18:13:44","guid":{"rendered":"http:\/\/codefactory.ddns.net\/ravaglioli.it\/?page_id=18"},"modified":"2015-03-31T17:06:07","modified_gmt":"2015-03-31T17:06:07","slug":"company","status":"publish","type":"page","link":"https:\/\/spacetest.com\/es\/company\/","title":{"rendered":"Empresa"},"content":{"rendered":"<p><\/p>\n<p><p><img loading=\"lazy\" class=\"alignnone wp-image-5576 size-full\" src=\"https:\/\/spacetest.com\/wp-content\/uploads\/2014\/09\/Space-Stab2.png\" alt=\"\" width=\"678\" height=\"442\" srcset=\"https:\/\/spacetest.com\/wp-content\/uploads\/2014\/09\/Space-Stab2.png 678w, https:\/\/spacetest.com\/wp-content\/uploads\/2014\/09\/Space-Stab2-200x130.png 200w, https:\/\/spacetest.com\/wp-content\/uploads\/2014\/09\/Space-Stab2-439x286.png 439w, https:\/\/spacetest.com\/wp-content\/uploads\/2014\/09\/Space-Stab2-620x404.png 620w\" sizes=\"(max-width: 678px) 100vw, 678px\" \/><\/p>\n<p><iframe loading=\"lazy\" src=\"\/\/www.youtube.com\/embed\/A-UmpdfNXZE?modestbranding=1&amp;version=3&amp;loop=1&amp;playlist=A-UmpdfNXZE&amp;showinfo=0&amp;controls=0&amp;fs=0&amp;color=white&amp;autohide=2;autoplay=1\" width=\"300\" height=\"150\" frameborder=\"0\"><\/iframe><\/p>\n<p>SPACE S.r.l. est\u00e1 ubicada en Trana (Tur\u00edn) y pertenece a un grupo industrial italiano de empresas que fabrican equipamiento para talleres mec\u00e1nicos.<\/p>\n<p>En el grupo SPACE S.r.l. est\u00e1 especializada en el desarrollo y producci\u00f3n de equipos electr\u00f3nicos y emplea m\u00e1s del 30% de su fuerza trabajo en el sector de la investigaci\u00f3n.<\/p>\n<p>La colaboraci\u00f3n con las dem\u00e1s empresas del grupo permite que SPACE S.r.l. \u00a0oferte a sus propios clientes una gama completa de equipos para talleres mec\u00e1nicos y para neumatiqueros tal como:<\/p>\n<ul>\n<li>Alineadores<\/li>\n<li>L\u00edneas ITV y frenometros para camiones, turismos, motos<\/li>\n<li>Elevadores<\/li>\n<li>Equilibradoras de ruedas<\/li>\n<li>Desmontadoras de ruedas<\/li>\n<\/ul>\n<p>SPACE S.r.l. realiza productos de alta calidad, novedosos, fiables y de f\u00e1cil manejo, gracias a los cuales SPACE S.r.l. ha podido alcanzar, en pocos a\u00f1os, una presencia importante en m\u00e1s de 40 pa\u00edses del mundo.<\/p>\n<\/p>\n<p><\/p>","protected":false},"excerpt":{"rendered":"SPACE S.r.l. est\u00e1 ubicada en Trana (Tur\u00edn) y pertenece a un grupo industrial italiano de empresas que fabrican equipamiento para talleres mec\u00e1nicos. En el grupo SPACE S.r.l. est\u00e1 especializada en el desarrollo y producci\u00f3n de equipos&#8230; <a class=\"article-more\" href=\"https:\/\/spacetest.com\/es\/company\/\">View Article<\/a>","protected":false},"author":1,"featured_media":0,"parent":0,"menu_order":1,"comment_status":"open","ping_status":"open","template":"","meta":[],"acf":[],"yoast_head":"<!-- This site is optimized with the Yoast SEO plugin v17.6 - https:\/\/yoast.com\/wordpress\/plugins\/seo\/ -->\n<title>CompanyAziendaFirma<\/title>\n<meta name=\"robots\" content=\"index, follow, max-snippet:-1, max-image-preview:large, max-video-preview:-1\" \/>\n<link rel=\"canonical\" href=\"https:\/\/spacetest.com\/es\/company\/\" \/>\n<meta property=\"og:locale\" content=\"es_ES\" \/>\n<meta property=\"og:type\" content=\"article\" \/>\n<meta property=\"og:title\" content=\"CompanyAziendaFirmaSoci\u00e9t\u00e9Empresa - Space Test\" \/>\n<meta property=\"og:description\" content=\"SPACE S.r.l. est\u00e1 ubicada en Trana (Tur\u00edn) y pertenece a un grupo industrial italiano de empresas que fabrican equipamiento para talleres mec\u00e1nicos. En el grupo SPACE S.r.l. est\u00e1 especializada en el desarrollo y producci\u00f3n de equipos... View Article\" \/>\n<meta property=\"og:url\" content=\"https:\/\/spacetest.com\/company\/\" \/>\n<meta property=\"og:site_name\" content=\"Space Test\" \/>\n<meta property=\"article:modified_time\" content=\"2015-03-31T17:06:07+00:00\" \/>\n<meta property=\"og:image\" content=\"https:\/\/spacetest.com\/wp-content\/uploads\/2014\/09\/Space-Stab2.png\" \/>\n<meta name=\"twitter:card\" content=\"summary\" \/>\n<meta name=\"twitter:label1\" content=\"Tiempo de lectura\" \/>\n\t<meta name=\"twitter:data1\" content=\"4 minutos\" \/>\n<script type=\"application\/ld+json\" class=\"yoast-schema-graph\">{\"@context\":\"https:\/\/schema.org\",\"@graph\":[{\"@type\":\"WebSite\",\"@id\":\"https:\/\/spacetest.com\/#website\",\"url\":\"https:\/\/spacetest.com\/\",\"name\":\"Space Test\",\"description\":\"\",\"potentialAction\":[{\"@type\":\"SearchAction\",\"target\":{\"@type\":\"EntryPoint\",\"urlTemplate\":\"https:\/\/spacetest.com\/?s={search_term_string}\"},\"query-input\":\"required name=search_term_string\"}],\"inLanguage\":\"es\"},{\"@type\":\"ImageObject\",\"@id\":\"https:\/\/spacetest.com\/company\/#primaryimage\",\"inLanguage\":\"es\",\"url\":\"https:\/\/spacetest.com\/wp-content\/uploads\/2014\/09\/Space-Stab2.png\",\"contentUrl\":\"https:\/\/spacetest.com\/wp-content\/uploads\/2014\/09\/Space-Stab2.png\",\"width\":678,\"height\":442},{\"@type\":\"WebPage\",\"@id\":\"https:\/\/spacetest.com\/company\/#webpage\",\"url\":\"https:\/\/spacetest.com\/company\/\",\"name\":\"CompanyAziendaFirmaSoci\\u00e9t\\u00e9Empresa - Space Test\",\"isPartOf\":{\"@id\":\"https:\/\/spacetest.com\/#website\"},\"primaryImageOfPage\":{\"@id\":\"https:\/\/spacetest.com\/company\/#primaryimage\"},\"datePublished\":\"2014-09-12T18:13:44+00:00\",\"dateModified\":\"2015-03-31T17:06:07+00:00\",\"breadcrumb\":{\"@id\":\"https:\/\/spacetest.com\/company\/#breadcrumb\"},\"inLanguage\":\"es\",\"potentialAction\":[{\"@type\":\"ReadAction\",\"target\":[\"https:\/\/spacetest.com\/company\/\"]}]},{\"@type\":\"BreadcrumbList\",\"@id\":\"https:\/\/spacetest.com\/company\/#breadcrumb\",\"itemListElement\":[{\"@type\":\"ListItem\",\"position\":1,\"name\":\"Home\",\"item\":\"https:\/\/spacetest.com\/\"},{\"@type\":\"ListItem\",\"position\":2,\"name\":\"Company\"}]}]}<\/script>\n<!-- \/ Yoast SEO plugin. -->","yoast_head_json":{"title":"CompanyAziendaFirma","robots":{"index":"index","follow":"follow","max-snippet":"max-snippet:-1","max-image-preview":"max-image-preview:large","max-video-preview":"max-video-preview:-1"},"canonical":"https:\/\/spacetest.com\/es\/company\/","og_locale":"es_ES","og_type":"article","og_title":"CompanyAziendaFirmaSoci\u00e9t\u00e9Empresa - Space Test","og_description":"SPACE S.r.l. est\u00e1 ubicada en Trana (Tur\u00edn) y pertenece a un grupo industrial italiano de empresas que fabrican equipamiento para talleres mec\u00e1nicos. En el grupo SPACE S.r.l. est\u00e1 especializada en el desarrollo y producci\u00f3n de equipos... View Article","og_url":"https:\/\/spacetest.com\/company\/","og_site_name":"Space Test","article_modified_time":"2015-03-31T17:06:07+00:00","og_image":[{"url":"https:\/\/spacetest.com\/wp-content\/uploads\/2014\/09\/Space-Stab2.png"}],"twitter_card":"summary","twitter_misc":{"Tiempo de lectura":"4 minutos"},"schema":{"@context":"https:\/\/schema.org","@graph":[{"@type":"WebSite","@id":"https:\/\/spacetest.com\/#website","url":"https:\/\/spacetest.com\/","name":"Space Test","description":"","potentialAction":[{"@type":"SearchAction","target":{"@type":"EntryPoint","urlTemplate":"https:\/\/spacetest.com\/?s={search_term_string}"},"query-input":"required name=search_term_string"}],"inLanguage":"es"},{"@type":"ImageObject","@id":"https:\/\/spacetest.com\/company\/#primaryimage","inLanguage":"es","url":"https:\/\/spacetest.com\/wp-content\/uploads\/2014\/09\/Space-Stab2.png","contentUrl":"https:\/\/spacetest.com\/wp-content\/uploads\/2014\/09\/Space-Stab2.png","width":678,"height":442},{"@type":"WebPage","@id":"https:\/\/spacetest.com\/company\/#webpage","url":"https:\/\/spacetest.com\/company\/","name":"CompanyAziendaFirmaSoci\u00e9t\u00e9Empresa - Space Test","isPartOf":{"@id":"https:\/\/spacetest.com\/#website"},"primaryImageOfPage":{"@id":"https:\/\/spacetest.com\/company\/#primaryimage"},"datePublished":"2014-09-12T18:13:44+00:00","dateModified":"2015-03-31T17:06:07+00:00","breadcrumb":{"@id":"https:\/\/spacetest.com\/company\/#breadcrumb"},"inLanguage":"es","potentialAction":[{"@type":"ReadAction","target":["https:\/\/spacetest.com\/company\/"]}]},{"@type":"BreadcrumbList","@id":"https:\/\/spacetest.com\/company\/#breadcrumb","itemListElement":[{"@type":"ListItem","position":1,"name":"Home","item":"https:\/\/spacetest.com\/"},{"@type":"ListItem","position":2,"name":"Company"}]}]}},"_links":{"self":[{"href":"https:\/\/spacetest.com\/es\/wp-json\/wp\/v2\/pages\/18"}],"collection":[{"href":"https:\/\/spacetest.com\/es\/wp-json\/wp\/v2\/pages"}],"about":[{"href":"https:\/\/spacetest.com\/es\/wp-json\/wp\/v2\/types\/page"}],"author":[{"embeddable":true,"href":"https:\/\/spacetest.com\/es\/wp-json\/wp\/v2\/users\/1"}],"replies":[{"embeddable":true,"href":"https:\/\/spacetest.com\/es\/wp-json\/wp\/v2\/comments?post=18"}],"version-history":[{"count":13,"href":"https:\/\/spacetest.com\/es\/wp-json\/wp\/v2\/pages\/18\/revisions"}],"predecessor-version":[{"id":5579,"href":"https:\/\/spacetest.com\/es\/wp-json\/wp\/v2\/pages\/18\/revisions\/5579"}],"wp:attachment":[{"href":"https:\/\/spacetest.com\/es\/wp-json\/wp\/v2\/media?parent=18"}],"curies":[{"name":"wp","href":"https:\/\/api.w.org\/{rel}","templated":true}]}}