{"id":12930,"date":"2025-02-28T03:38:06","date_gmt":"2025-02-28T03:38:06","guid":{"rendered":"https:\/\/spacetest.com\/?page_id=12930"},"modified":"2025-02-28T03:38:06","modified_gmt":"2025-02-28T03:38:06","slug":"whistleblowing","status":"publish","type":"page","link":"https:\/\/spacetest.com\/es\/whistleblowing\/","title":{"rendered":"Whistleblowing"},"content":{"rendered":"<p><\/p>\n<p><em>Available in Italian only<\/em><\/p>\n<p><strong>D.Lgs. \u00a024\/2023<\/strong>\u00a0recante Attuazione della\u00a0<strong>direttiva (UE) 2019\/1937<\/strong><\/p>\n<h2 class=\"wp-block-heading\"><strong>Cos\u2019\u00e8 il whistleblowing<\/strong><\/h2>\n<p>Il whistleblowing \u00e8 un sistema che consente a lavoratori e collaboratori, anche esterni, di segnalare comportamenti illeciti o violazioni di normative che avvengono all\u2019interno dell\u2019ambiente di lavoro.<br \/>\nNon \u00e8 consentito usare questo canale per reclami personali o rivendicazioni che riguardano aspetti individuali, come ad esempio: problematiche legate ai turni, richieste di aumento di stipendio, conflitti tra colleghi o contestazioni commerciali.<\/p>\n<h2 class=\"wp-block-heading\"><strong>Come inviare una segnalazione<\/strong><\/h2>\n<p>Per inviare una segnalazione, puoi utilizzare questa sezione sul sito aziendale denominata \u201cWhistleblowing\u201d. Potrai mantenere l\u2019anonimato, anche se, per permettere indagini pi\u00f9 accurate, circoscritte ed efficaci sarebbe opportuno conoscere la tua identit\u00e0. In ogni caso, solo personale autorizzato e vincolato al segreto professionale avr\u00e0 accesso alle tue informazioni.<\/p>\n<h2 class=\"wp-block-heading\"><strong>Cosa scrivere nella segnalazione<\/strong><\/h2>\n<p>Nome, cognome, dati di contatto (e-mail), la posizione o Funzione svolta nell\u2019ambito dell\u2019Organizzazione, una chiara e pi\u00f9 completa possibile descrizione dei fatti oggetto di segnalazione. Se decidi di mantenere l\u2019anonimato devi comunque indicare una e-mail per permettere all\u2019azienda di risponderti.<\/p>\n<h2 class=\"wp-block-heading\"><strong>Cosa succede una volta inviata la segnalazione<\/strong><\/h2>\n<p>L\u2019Organismo di Vigilanza istituito ai sensi del D.Lgs. 231\/01 ricever\u00e0 e gestir\u00e0 la segnalazione confermandone la ricezione entro 7 giorni. Riceverai una risposta entro un massimo di 3 mesi dall\u2019invio. In alcuni casi, potresti essere contattato per fornire ulteriori dettagli sulla segnalazione. A seconda della gravit\u00e0 della situazione, potrebbero essere coinvolte autorit\u00e0 giudiziarie o attivate procedure disciplinari interne.<\/p>\n<h2 class=\"wp-block-heading\"><strong>Modulo per effettuare la segnalazione<\/strong><\/h2>\n<p>Utilizzare il modulo protetto da crittografia disponibile al seguente link:<\/p>\n<p><a href=\"https:\/\/docs.google.com\/forms\/d\/e\/1FAIpQLSeV6VOXbA2CoGABX1y9FqYhWfI2ZxU6q7tCVP0CjG8pWiDbiQ\/viewform?usp=header\">https:\/\/docs.google.com\/forms\/d\/e\/1FAIpQLSeV6VOXbA2CoGABX1y9FqYhWfI2ZxU6q7tCVP0CjG8pWiDbiQ\/viewform?usp=header<\/a><\/p>\n<hr class=\"wp-block-separator has-alpha-channel-opacity is-style-default\" \/>\n<h2><strong>Informativa sul trattamento dei dati personali (Regolamento UE 2016\/679, Artt. 13 e 14)<\/strong><\/h2>\n<p>I tuoi dati personali saranno trattati nel rispetto della legge e utilizzati esclusivamente per gestire la segnalazione. Il trattamento dei dati sar\u00e0 effettuato in modalit\u00e0 cartacea o elettronica e i tuoi dati non saranno condivisi con terze parti, salvo richieste da parte delle autorit\u00e0 competenti o per l\u2019approfondimento della tua segnalazione.<br \/>\nIl Titolare del Trattamento \u00e8 Vehicle Service Group Italy S.r.I. \u2014 Via Filippo Brunelleschi 9 44020 Ostellato (FE). Puoi contattare il titolare all\u2019indirizzo email:\u00a0<a href=\"mailto:info.emea@vsgdover.com\">info.emea@vsgdover.com<\/a>.<\/p>\n<p>Hai il diritto di accedere ai tuoi dati, richiedere modifiche, cancellazioni o limitazioni al trattamento, cos\u00ec come ottenere informazioni su dove vengono trattati i tuoi dati, anche in merito a eventuali trasferimenti internazionali.<br \/>\nI tuoi dati saranno conservati per il tempo necessario alla gestione della segnalazione e successivamente fino a quando ne richiederai la cancellazione, oppure per motivi tecnici o di sicurezza. Per le segnalazioni legate alla normativa sul whistleblowing, i dati saranno conservati per un massimo di 5 anni.<\/p>\n<p>Puoi prendere visione dell\u2019informativa completa sul trattamento dei dati personali e sui tuoi diritti a questo link:\u00a0<a href=\"https:\/\/vsgdover.com\/emea\/it\/privacy-policy\/\">https:\/\/vsgdover.com\/emea\/it\/privacy-policy\/<\/a><\/p>\n<p><\/p>","protected":false},"excerpt":{"rendered":"Available in Italian only D.Lgs. \u00a024\/2023\u00a0recante Attuazione della\u00a0direttiva (UE) 2019\/1937 Cos\u2019\u00e8 il whistleblowing Il whistleblowing \u00e8 un sistema che consente a lavoratori e collaboratori, anche esterni, di segnalare comportamenti illeciti o violazioni di normative che avvengono&#8230; <a class=\"article-more\" href=\"https:\/\/spacetest.com\/es\/whistleblowing\/\">View Article<\/a>","protected":false},"author":1,"featured_media":0,"parent":0,"menu_order":0,"comment_status":"closed","ping_status":"closed","template":"","meta":[],"acf":[],"yoast_head":"<!-- This site is optimized with the Yoast SEO plugin v17.6 - https:\/\/yoast.com\/wordpress\/plugins\/seo\/ -->\n<title>Whistleblowing - Space Test<\/title>\n<meta name=\"robots\" content=\"index, follow, max-snippet:-1, max-image-preview:large, max-video-preview:-1\" \/>\n<link rel=\"canonical\" href=\"https:\/\/spacetest.com\/es\/whistleblowing\/\" \/>\n<meta property=\"og:locale\" content=\"es_ES\" \/>\n<meta property=\"og:type\" content=\"article\" \/>\n<meta property=\"og:title\" content=\"Whistleblowing - Space Test\" \/>\n<meta property=\"og:description\" content=\"Available in Italian only D.Lgs. \u00a024\/2023\u00a0recante Attuazione della\u00a0direttiva (UE) 2019\/1937 Cos\u2019\u00e8 il whistleblowing Il whistleblowing \u00e8 un sistema che consente a lavoratori e collaboratori, anche esterni, di segnalare comportamenti illeciti o violazioni di normative che avvengono... View Article\" \/>\n<meta property=\"og:url\" content=\"https:\/\/spacetest.com\/whistleblowing\/\" \/>\n<meta property=\"og:site_name\" content=\"Space Test\" \/>\n<meta name=\"twitter:card\" content=\"summary\" \/>\n<meta name=\"twitter:label1\" content=\"Tiempo de lectura\" \/>\n\t<meta name=\"twitter:data1\" content=\"12 minutos\" \/>\n<script type=\"application\/ld+json\" class=\"yoast-schema-graph\">{\"@context\":\"https:\/\/schema.org\",\"@graph\":[{\"@type\":\"WebSite\",\"@id\":\"https:\/\/spacetest.com\/#website\",\"url\":\"https:\/\/spacetest.com\/\",\"name\":\"Space Test\",\"description\":\"\",\"potentialAction\":[{\"@type\":\"SearchAction\",\"target\":{\"@type\":\"EntryPoint\",\"urlTemplate\":\"https:\/\/spacetest.com\/?s={search_term_string}\"},\"query-input\":\"required name=search_term_string\"}],\"inLanguage\":\"es\"},{\"@type\":\"WebPage\",\"@id\":\"https:\/\/spacetest.com\/whistleblowing\/#webpage\",\"url\":\"https:\/\/spacetest.com\/whistleblowing\/\",\"name\":\"Whistleblowing - Space Test\",\"isPartOf\":{\"@id\":\"https:\/\/spacetest.com\/#website\"},\"datePublished\":\"2025-02-28T03:38:06+00:00\",\"dateModified\":\"2025-02-28T03:38:06+00:00\",\"breadcrumb\":{\"@id\":\"https:\/\/spacetest.com\/whistleblowing\/#breadcrumb\"},\"inLanguage\":\"es\",\"potentialAction\":[{\"@type\":\"ReadAction\",\"target\":[\"https:\/\/spacetest.com\/whistleblowing\/\"]}]},{\"@type\":\"BreadcrumbList\",\"@id\":\"https:\/\/spacetest.com\/whistleblowing\/#breadcrumb\",\"itemListElement\":[{\"@type\":\"ListItem\",\"position\":1,\"name\":\"Home\",\"item\":\"https:\/\/spacetest.com\/\"},{\"@type\":\"ListItem\",\"position\":2,\"name\":\"Whistleblowing\"}]}]}<\/script>\n<!-- \/ Yoast SEO plugin. -->","yoast_head_json":{"title":"Whistleblowing - Space Test","robots":{"index":"index","follow":"follow","max-snippet":"max-snippet:-1","max-image-preview":"max-image-preview:large","max-video-preview":"max-video-preview:-1"},"canonical":"https:\/\/spacetest.com\/es\/whistleblowing\/","og_locale":"es_ES","og_type":"article","og_title":"Whistleblowing - Space Test","og_description":"Available in Italian only D.Lgs. \u00a024\/2023\u00a0recante Attuazione della\u00a0direttiva (UE) 2019\/1937 Cos\u2019\u00e8 il whistleblowing Il whistleblowing \u00e8 un sistema che consente a lavoratori e collaboratori, anche esterni, di segnalare comportamenti illeciti o violazioni di normative che avvengono... View Article","og_url":"https:\/\/spacetest.com\/whistleblowing\/","og_site_name":"Space Test","twitter_card":"summary","twitter_misc":{"Tiempo de lectura":"12 minutos"},"schema":{"@context":"https:\/\/schema.org","@graph":[{"@type":"WebSite","@id":"https:\/\/spacetest.com\/#website","url":"https:\/\/spacetest.com\/","name":"Space Test","description":"","potentialAction":[{"@type":"SearchAction","target":{"@type":"EntryPoint","urlTemplate":"https:\/\/spacetest.com\/?s={search_term_string}"},"query-input":"required name=search_term_string"}],"inLanguage":"es"},{"@type":"WebPage","@id":"https:\/\/spacetest.com\/whistleblowing\/#webpage","url":"https:\/\/spacetest.com\/whistleblowing\/","name":"Whistleblowing - Space Test","isPartOf":{"@id":"https:\/\/spacetest.com\/#website"},"datePublished":"2025-02-28T03:38:06+00:00","dateModified":"2025-02-28T03:38:06+00:00","breadcrumb":{"@id":"https:\/\/spacetest.com\/whistleblowing\/#breadcrumb"},"inLanguage":"es","potentialAction":[{"@type":"ReadAction","target":["https:\/\/spacetest.com\/whistleblowing\/"]}]},{"@type":"BreadcrumbList","@id":"https:\/\/spacetest.com\/whistleblowing\/#breadcrumb","itemListElement":[{"@type":"ListItem","position":1,"name":"Home","item":"https:\/\/spacetest.com\/"},{"@type":"ListItem","position":2,"name":"Whistleblowing"}]}]}},"_links":{"self":[{"href":"https:\/\/spacetest.com\/es\/wp-json\/wp\/v2\/pages\/12930"}],"collection":[{"href":"https:\/\/spacetest.com\/es\/wp-json\/wp\/v2\/pages"}],"about":[{"href":"https:\/\/spacetest.com\/es\/wp-json\/wp\/v2\/types\/page"}],"author":[{"embeddable":true,"href":"https:\/\/spacetest.com\/es\/wp-json\/wp\/v2\/users\/1"}],"replies":[{"embeddable":true,"href":"https:\/\/spacetest.com\/es\/wp-json\/wp\/v2\/comments?post=12930"}],"version-history":[{"count":1,"href":"https:\/\/spacetest.com\/es\/wp-json\/wp\/v2\/pages\/12930\/revisions"}],"predecessor-version":[{"id":12931,"href":"https:\/\/spacetest.com\/es\/wp-json\/wp\/v2\/pages\/12930\/revisions\/12931"}],"wp:attachment":[{"href":"https:\/\/spacetest.com\/es\/wp-json\/wp\/v2\/media?parent=12930"}],"curies":[{"name":"wp","href":"https:\/\/api.w.org\/{rel}","templated":true}]}}