{"id":47,"date":"2014-09-14T09:34:49","date_gmt":"2014-09-14T09:34:49","guid":{"rendered":"http:\/\/codefactory.ddns.net\/ravaglioli.it\/?page_id=47"},"modified":"2026-02-25T08:07:42","modified_gmt":"2026-02-25T08:07:42","slug":"who-we-are","status":"publish","type":"page","link":"https:\/\/spacetest.com\/de\/company\/who-we-are\/","title":{"rendered":"About us"},"content":{"rendered":"<p><\/p>\n<p><img loading=\"lazy\" class=\"alignnone wp-image-12886 size-full\" src=\"https:\/\/spacetest.com\/wp-content\/uploads\/2025\/02\/Space-Stabilimento.jpg\" alt=\"\" width=\"678\" height=\"442\" srcset=\"https:\/\/spacetest.com\/wp-content\/uploads\/2025\/02\/Space-Stabilimento.jpg 678w, https:\/\/spacetest.com\/wp-content\/uploads\/2025\/02\/Space-Stabilimento-439x286.jpg 439w, https:\/\/spacetest.com\/wp-content\/uploads\/2025\/02\/Space-Stabilimento-644x420.jpg 644w, https:\/\/spacetest.com\/wp-content\/uploads\/2025\/02\/Space-Stabilimento-200x130.jpg 200w, https:\/\/spacetest.com\/wp-content\/uploads\/2025\/02\/Space-Stabilimento-199x130.jpg 199w, https:\/\/spacetest.com\/wp-content\/uploads\/2025\/02\/Space-Stabilimento-399x260.jpg 399w, https:\/\/spacetest.com\/wp-content\/uploads\/2025\/02\/Space-Stabilimento-400x260.jpg 400w, https:\/\/spacetest.com\/wp-content\/uploads\/2025\/02\/Space-Stabilimento-80x52.jpg 80w, https:\/\/spacetest.com\/wp-content\/uploads\/2025\/02\/Space-Stabilimento-160x104.jpg 160w, https:\/\/spacetest.com\/wp-content\/uploads\/2025\/02\/Space-Stabilimento-50x33.jpg 50w, https:\/\/spacetest.com\/wp-content\/uploads\/2025\/02\/Space-Stabilimento-100x65.jpg 100w\" sizes=\"(max-width: 678px) 100vw, 678px\" \/><\/p>\n<p>&nbsp;<\/p>\n<h2>Space Plant<\/h2>\n<p>Das in Trana (TO) angesiedelte Werk konzentriert seine T\u00e4tigkeit auf die Erweiterung des Handelsangebots des Unternehmens mit Pr\u00fcfeinrichtungen wie Achsmessger\u00e4ten und Diagnosesystemen.<\/p>\n<h3>Ein futuristischer Blick auf die RAV-Technologie<\/h3>\n<p>Das Unternehmen ist auf die Herstellung von elektronischen Ger\u00e4ten f\u00fcr den Automobilsektor spezialisiert und besch\u00e4ftigt mehr als 30 % seiner Mitarbeiter in der Forschung und Entwicklung von i-Technologien.<\/p>\n<table style=\"width: 100%; border-collapse: collapse;\">\n<tbody>\n<tr>\n<td style=\"width: 50%; padding: 20px 20px 20px 0px;\">\n<p><img loading=\"lazy\" class=\"alignnone wp-image-12896 size-full\" src=\"https:\/\/spacetest.com\/wp-content\/uploads\/2025\/02\/Logo-VSG-square.png\" alt=\"\" width=\"260\" height=\"260\" srcset=\"https:\/\/spacetest.com\/wp-content\/uploads\/2025\/02\/Logo-VSG-square.png 260w, https:\/\/spacetest.com\/wp-content\/uploads\/2025\/02\/Logo-VSG-square-130x130.png 130w, https:\/\/spacetest.com\/wp-content\/uploads\/2025\/02\/Logo-VSG-square-52x52.png 52w, https:\/\/spacetest.com\/wp-content\/uploads\/2025\/02\/Logo-VSG-square-104x104.png 104w, https:\/\/spacetest.com\/wp-content\/uploads\/2025\/02\/Logo-VSG-square-44x44.png 44w, https:\/\/spacetest.com\/wp-content\/uploads\/2025\/02\/Logo-VSG-square-88x88.png 88w\" sizes=\"(max-width: 260px) 100vw, 260px\" \/><\/p>\n<h2>\u00dcber VSG<\/h2>\n<p>Als eine Betriebsgesellschaft der Dover Corporation bietet die Vehicle Service Group (VSG) die weltweit f\u00fchrenden Marken in den Bereichen Fahrzeughebeb\u00fchnen, Reifenservice, Unfallreparatur und OEM-Ausr\u00fcstung f\u00fcr den Aftermarket an. Mit nahezu 100 Jahren Erfahrung entwickeln, testen, fertigen, verkaufen und betreuen wir unsere Produkte und haben dabei vor allem eines im Sinn: unsere Kunden. Weitere Informationen finden Sie unter vsgdover.com.<\/p>\n<\/td>\n<td style=\"width: 50%; padding: 20px 20px 20px 0px;\">\n<p><img loading=\"lazy\" class=\"alignnone size-full wp-image-12897\" src=\"https:\/\/spacetest.com\/wp-content\/uploads\/2025\/02\/Logo-Dover-square.png\" alt=\"\" width=\"260\" height=\"260\" srcset=\"https:\/\/spacetest.com\/wp-content\/uploads\/2025\/02\/Logo-Dover-square.png 260w, https:\/\/spacetest.com\/wp-content\/uploads\/2025\/02\/Logo-Dover-square-130x130.png 130w, https:\/\/spacetest.com\/wp-content\/uploads\/2025\/02\/Logo-Dover-square-52x52.png 52w, https:\/\/spacetest.com\/wp-content\/uploads\/2025\/02\/Logo-Dover-square-104x104.png 104w, https:\/\/spacetest.com\/wp-content\/uploads\/2025\/02\/Logo-Dover-square-44x44.png 44w, https:\/\/spacetest.com\/wp-content\/uploads\/2025\/02\/Logo-Dover-square-88x88.png 88w\" sizes=\"(max-width: 260px) 100vw, 260px\" \/><\/p>\n<h2>\u00dcber Dover<\/h2>\n<p>Dover ist ein diversifizierter globaler Hersteller und L\u00f6sungsanbieter mit einem Jahresumsatz von rund 8 Milliarden USD. Wir bieten innovative Ger\u00e4te und Komponenten, Verbrauchsmaterialien, Nachbau-Ersatzteile, Software- und digitale L\u00f6sungen sowie Supportleistungen in f\u00fcnf Gesch\u00e4ftsbereichen an: technische Produkte, saubere Energie und Betankung, Bildgebung und Identifizierung, Pumpen und Prozessl\u00f6sungen sowie Klima- und Nachhaltigkeitstechnologien. Dover verbindet globalen Ma\u00dfstab mit operativer Agilit\u00e4t, was das Unternehmen zum Marktf\u00fchrer in den genannten Bereichen macht. Unser Team von \u00fcber 24.000 Mitarbeitenden, das seit \u00fcber 70 Jahren f\u00fcr seinen unternehmerischen Ansatz bekannt ist, arbeitet mit seinen Kunden zusammen, um das Machbare neu zu definieren. Dover hat seinen Hauptsitz in Downers Grove, Illinois, USA, und wird an der New York Stock Exchange unter \u201eDOV\u201c gehandelt. Weitere Informationen finden Sie unter dovercorporation.com.<\/p>\n<\/td>\n<\/tr>\n<\/tbody>\n<\/table>\n<p><\/p>","protected":false},"excerpt":{"rendered":"&nbsp; Space Plant Das in Trana (TO) angesiedelte Werk konzentriert seine T\u00e4tigkeit auf die Erweiterung des Handelsangebots des Unternehmens mit Pr\u00fcfeinrichtungen wie Achsmessger\u00e4ten und Diagnosesystemen. Ein futuristischer Blick auf die RAV-Technologie Das Unternehmen ist auf die&#8230; <a class=\"article-more\" href=\"https:\/\/spacetest.com\/de\/company\/who-we-are\/\">View Article<\/a>","protected":false},"author":1,"featured_media":0,"parent":18,"menu_order":0,"comment_status":"open","ping_status":"open","template":"","meta":[],"acf":[],"yoast_head":"<!-- This site is optimized with the Yoast SEO plugin v17.6 - https:\/\/yoast.com\/wordpress\/plugins\/seo\/ -->\n<title>About us<\/title>\n<meta name=\"robots\" content=\"index, follow, max-snippet:-1, max-image-preview:large, max-video-preview:-1\" \/>\n<link rel=\"canonical\" href=\"https:\/\/spacetest.com\/de\/company\/who-we-are\/\" \/>\n<meta property=\"og:locale\" content=\"de_DE\" \/>\n<meta property=\"og:type\" content=\"article\" \/>\n<meta property=\"og:title\" content=\"About us - Space Test\" \/>\n<meta property=\"og:description\" content=\"&nbsp; Space Plant Das in Trana (TO) angesiedelte Werk konzentriert seine T\u00e4tigkeit auf die Erweiterung des Handelsangebots des Unternehmens mit Pr\u00fcfeinrichtungen wie Achsmessger\u00e4ten und Diagnosesystemen. Ein futuristischer Blick auf die RAV-Technologie Das Unternehmen ist auf die... View Article\" \/>\n<meta property=\"og:url\" content=\"https:\/\/spacetest.com\/company\/who-we-are\/\" \/>\n<meta property=\"og:site_name\" content=\"Space Test\" \/>\n<meta property=\"article:modified_time\" content=\"2026-02-25T08:07:42+00:00\" \/>\n<meta property=\"og:image\" content=\"https:\/\/spacetest.com\/wp-content\/uploads\/2025\/02\/Space-Stabilimento.jpg\" \/>\n<meta name=\"twitter:card\" content=\"summary\" \/>\n<meta name=\"twitter:label1\" content=\"Gesch\u00e4tzte Lesezeit\" \/>\n\t<meta name=\"twitter:data1\" content=\"8\u00a0Minuten\" \/>\n<script type=\"application\/ld+json\" class=\"yoast-schema-graph\">{\"@context\":\"https:\/\/schema.org\",\"@graph\":[{\"@type\":\"WebSite\",\"@id\":\"https:\/\/spacetest.com\/#website\",\"url\":\"https:\/\/spacetest.com\/\",\"name\":\"Space Test\",\"description\":\"\",\"potentialAction\":[{\"@type\":\"SearchAction\",\"target\":{\"@type\":\"EntryPoint\",\"urlTemplate\":\"https:\/\/spacetest.com\/?s={search_term_string}\"},\"query-input\":\"required name=search_term_string\"}],\"inLanguage\":\"de\"},{\"@type\":\"ImageObject\",\"@id\":\"https:\/\/spacetest.com\/company\/who-we-are\/#primaryimage\",\"inLanguage\":\"de\",\"url\":\"https:\/\/spacetest.com\/wp-content\/uploads\/2025\/02\/Space-Stabilimento.jpg\",\"contentUrl\":\"https:\/\/spacetest.com\/wp-content\/uploads\/2025\/02\/Space-Stabilimento.jpg\",\"width\":678,\"height\":442},{\"@type\":\"WebPage\",\"@id\":\"https:\/\/spacetest.com\/company\/who-we-are\/#webpage\",\"url\":\"https:\/\/spacetest.com\/company\/who-we-are\/\",\"name\":\"About us - Space Test\",\"isPartOf\":{\"@id\":\"https:\/\/spacetest.com\/#website\"},\"primaryImageOfPage\":{\"@id\":\"https:\/\/spacetest.com\/company\/who-we-are\/#primaryimage\"},\"datePublished\":\"2014-09-14T09:34:49+00:00\",\"dateModified\":\"2026-02-25T08:07:42+00:00\",\"breadcrumb\":{\"@id\":\"https:\/\/spacetest.com\/company\/who-we-are\/#breadcrumb\"},\"inLanguage\":\"de\",\"potentialAction\":[{\"@type\":\"ReadAction\",\"target\":[\"https:\/\/spacetest.com\/company\/who-we-are\/\"]}]},{\"@type\":\"BreadcrumbList\",\"@id\":\"https:\/\/spacetest.com\/company\/who-we-are\/#breadcrumb\",\"itemListElement\":[{\"@type\":\"ListItem\",\"position\":1,\"name\":\"Home\",\"item\":\"https:\/\/spacetest.com\/\"},{\"@type\":\"ListItem\",\"position\":2,\"name\":\"Company\",\"item\":\"https:\/\/spacetest.com\/company\/\"},{\"@type\":\"ListItem\",\"position\":3,\"name\":\"Who we are\"}]}]}<\/script>\n<!-- \/ Yoast SEO plugin. -->","yoast_head_json":{"title":"About us","robots":{"index":"index","follow":"follow","max-snippet":"max-snippet:-1","max-image-preview":"max-image-preview:large","max-video-preview":"max-video-preview:-1"},"canonical":"https:\/\/spacetest.com\/de\/company\/who-we-are\/","og_locale":"de_DE","og_type":"article","og_title":"About us - Space Test","og_description":"&nbsp; Space Plant Das in Trana (TO) angesiedelte Werk konzentriert seine T\u00e4tigkeit auf die Erweiterung des Handelsangebots des Unternehmens mit Pr\u00fcfeinrichtungen wie Achsmessger\u00e4ten und Diagnosesystemen. Ein futuristischer Blick auf die RAV-Technologie Das Unternehmen ist auf die... View Article","og_url":"https:\/\/spacetest.com\/company\/who-we-are\/","og_site_name":"Space Test","article_modified_time":"2026-02-25T08:07:42+00:00","og_image":[{"url":"https:\/\/spacetest.com\/wp-content\/uploads\/2025\/02\/Space-Stabilimento.jpg"}],"twitter_card":"summary","twitter_misc":{"Gesch\u00e4tzte Lesezeit":"8\u00a0Minuten"},"schema":{"@context":"https:\/\/schema.org","@graph":[{"@type":"WebSite","@id":"https:\/\/spacetest.com\/#website","url":"https:\/\/spacetest.com\/","name":"Space Test","description":"","potentialAction":[{"@type":"SearchAction","target":{"@type":"EntryPoint","urlTemplate":"https:\/\/spacetest.com\/?s={search_term_string}"},"query-input":"required name=search_term_string"}],"inLanguage":"de"},{"@type":"ImageObject","@id":"https:\/\/spacetest.com\/company\/who-we-are\/#primaryimage","inLanguage":"de","url":"https:\/\/spacetest.com\/wp-content\/uploads\/2025\/02\/Space-Stabilimento.jpg","contentUrl":"https:\/\/spacetest.com\/wp-content\/uploads\/2025\/02\/Space-Stabilimento.jpg","width":678,"height":442},{"@type":"WebPage","@id":"https:\/\/spacetest.com\/company\/who-we-are\/#webpage","url":"https:\/\/spacetest.com\/company\/who-we-are\/","name":"About us - Space Test","isPartOf":{"@id":"https:\/\/spacetest.com\/#website"},"primaryImageOfPage":{"@id":"https:\/\/spacetest.com\/company\/who-we-are\/#primaryimage"},"datePublished":"2014-09-14T09:34:49+00:00","dateModified":"2026-02-25T08:07:42+00:00","breadcrumb":{"@id":"https:\/\/spacetest.com\/company\/who-we-are\/#breadcrumb"},"inLanguage":"de","potentialAction":[{"@type":"ReadAction","target":["https:\/\/spacetest.com\/company\/who-we-are\/"]}]},{"@type":"BreadcrumbList","@id":"https:\/\/spacetest.com\/company\/who-we-are\/#breadcrumb","itemListElement":[{"@type":"ListItem","position":1,"name":"Home","item":"https:\/\/spacetest.com\/"},{"@type":"ListItem","position":2,"name":"Company","item":"https:\/\/spacetest.com\/company\/"},{"@type":"ListItem","position":3,"name":"Who we are"}]}]}},"_links":{"self":[{"href":"https:\/\/spacetest.com\/de\/wp-json\/wp\/v2\/pages\/47"}],"collection":[{"href":"https:\/\/spacetest.com\/de\/wp-json\/wp\/v2\/pages"}],"about":[{"href":"https:\/\/spacetest.com\/de\/wp-json\/wp\/v2\/types\/page"}],"author":[{"embeddable":true,"href":"https:\/\/spacetest.com\/de\/wp-json\/wp\/v2\/users\/1"}],"replies":[{"embeddable":true,"href":"https:\/\/spacetest.com\/de\/wp-json\/wp\/v2\/comments?post=47"}],"version-history":[{"count":61,"href":"https:\/\/spacetest.com\/de\/wp-json\/wp\/v2\/pages\/47\/revisions"}],"predecessor-version":[{"id":13155,"href":"https:\/\/spacetest.com\/de\/wp-json\/wp\/v2\/pages\/47\/revisions\/13155"}],"up":[{"embeddable":true,"href":"https:\/\/spacetest.com\/de\/wp-json\/wp\/v2\/pages\/18"}],"wp:attachment":[{"href":"https:\/\/spacetest.com\/de\/wp-json\/wp\/v2\/media?parent=47"}],"curies":[{"name":"wp","href":"https:\/\/api.w.org\/{rel}","templated":true}]}}