{"id":3798,"date":"2015-02-03T10:36:08","date_gmt":"2015-02-03T10:36:08","guid":{"rendered":"https:\/\/spacetest.com\/?page_id=3798"},"modified":"2021-02-19T09:32:42","modified_gmt":"2021-02-19T09:32:42","slug":"antifrode","status":"publish","type":"page","link":"https:\/\/spacetest.com\/de\/azienda\/antifrode\/","title":{"rendered":"Informatikbetrug"},"content":{"rendered":"<p><\/p>\n<p>&nbsp;<\/p>\n<h3>Informatikbetrug\/Mitteilungen<\/h3>\n<p style=\"text-align: right;\"><em>01. Januar 2021<\/em><\/p>\n<p>Sehr geehrte Damen und Herren,<\/p>\n<p>leider gibt es immer wieder Versuche von kriminellen Organisationen, Ihre Zahlungen auf unbekannte Konten statt auf die Konten unserer Firma \u00fcberweisen zu lassen.<\/p>\n<p>Bitte beachten Sie, dass unsere Firma niemals per E-Mail \u00fcber eine \u00c4nderung unserer Bankadresse informiert, die in den folgenden Dokumenten angegeben ist: Angebote, Proformarechnungen und Schlussrechnungen.<\/p>\n<p>Wenn Sie irgendwelche Zweifel haben, kontaktieren Sie bitte unser B\u00fcro per Telefon.<\/p>\n<p>Wir danken Ihnen f\u00fcr Ihre Zusammenarbeit, mit besten Gr\u00fc\u00dfen.<\/p>\n<h4 style=\"text-align: right;\"><strong><em>Space S.r.l.<\/em><\/strong><\/h4>\n<p>&nbsp;<\/p>\n<p>&nbsp;<\/p>\n<p>&nbsp;<\/p>\n<p><\/p>","protected":false},"excerpt":{"rendered":"&nbsp; Informatikbetrug\/Mitteilungen 01. Januar 2021 Sehr geehrte Damen und Herren, leider gibt es immer wieder Versuche von kriminellen Organisationen, Ihre Zahlungen auf unbekannte Konten statt auf die Konten unserer Firma \u00fcberweisen zu lassen. Bitte beachten Sie,&#8230; <a class=\"article-more\" href=\"https:\/\/spacetest.com\/de\/azienda\/antifrode\/\">View Article<\/a>","protected":false},"author":1,"featured_media":0,"parent":3796,"menu_order":0,"comment_status":"closed","ping_status":"open","template":"","meta":[],"acf":[],"yoast_head":"<!-- This site is optimized with the Yoast SEO plugin v17.6 - https:\/\/yoast.com\/wordpress\/plugins\/seo\/ -->\n<title>Informatikbetrug<\/title>\n<meta name=\"robots\" content=\"index, follow, max-snippet:-1, max-image-preview:large, max-video-preview:-1\" \/>\n<link rel=\"canonical\" href=\"https:\/\/spacetest.com\/de\/azienda\/antifrode\/\" \/>\n<meta property=\"og:locale\" content=\"de_DE\" \/>\n<meta property=\"og:type\" content=\"article\" \/>\n<meta property=\"og:title\" content=\"Informatikbetrug - Space Test\" \/>\n<meta property=\"og:description\" content=\"&nbsp; Informatikbetrug\/Mitteilungen 01. Januar 2021 Sehr geehrte Damen und Herren, leider gibt es immer wieder Versuche von kriminellen Organisationen, Ihre Zahlungen auf unbekannte Konten statt auf die Konten unserer Firma \u00fcberweisen zu lassen. Bitte beachten Sie,... View Article\" \/>\n<meta property=\"og:url\" content=\"https:\/\/spacetest.com\/fr\/azienda\/antifrode\/\" \/>\n<meta property=\"og:site_name\" content=\"Space Test\" \/>\n<meta property=\"article:modified_time\" content=\"2021-02-19T09:32:42+00:00\" \/>\n<meta name=\"twitter:card\" content=\"summary\" \/>\n<meta name=\"twitter:label1\" content=\"Gesch\u00e4tzte Lesezeit\" \/>\n\t<meta name=\"twitter:data1\" content=\"3\u00a0Minuten\" \/>\n<script type=\"application\/ld+json\" class=\"yoast-schema-graph\">{\"@context\":\"https:\/\/schema.org\",\"@graph\":[{\"@type\":\"WebSite\",\"@id\":\"https:\/\/spacetest.com\/#website\",\"url\":\"https:\/\/spacetest.com\/\",\"name\":\"Space Test\",\"description\":\"\",\"potentialAction\":[{\"@type\":\"SearchAction\",\"target\":{\"@type\":\"EntryPoint\",\"urlTemplate\":\"https:\/\/spacetest.com\/?s={search_term_string}\"},\"query-input\":\"required name=search_term_string\"}],\"inLanguage\":\"de\"},{\"@type\":\"WebPage\",\"@id\":\"https:\/\/spacetest.com\/fr\/azienda\/antifrode\/#webpage\",\"url\":\"https:\/\/spacetest.com\/fr\/azienda\/antifrode\/\",\"name\":\"Informatikbetrug - Space Test\",\"isPartOf\":{\"@id\":\"https:\/\/spacetest.com\/#website\"},\"datePublished\":\"2015-02-03T10:36:08+00:00\",\"dateModified\":\"2021-02-19T09:32:42+00:00\",\"breadcrumb\":{\"@id\":\"https:\/\/spacetest.com\/fr\/azienda\/antifrode\/#breadcrumb\"},\"inLanguage\":\"de\",\"potentialAction\":[{\"@type\":\"ReadAction\",\"target\":[\"https:\/\/spacetest.com\/fr\/azienda\/antifrode\/\"]}]},{\"@type\":\"BreadcrumbList\",\"@id\":\"https:\/\/spacetest.com\/fr\/azienda\/antifrode\/#breadcrumb\",\"itemListElement\":[{\"@type\":\"ListItem\",\"position\":1,\"name\":\"Home\",\"item\":\"https:\/\/spacetest.com\/\"},{\"@type\":\"ListItem\",\"position\":2,\"name\":\"Azienda\",\"item\":\"https:\/\/spacetest.com\/es\/azienda\/\"},{\"@type\":\"ListItem\",\"position\":3,\"name\":\"Fraudes web\"}]}]}<\/script>\n<!-- \/ Yoast SEO plugin. -->","yoast_head_json":{"title":"Informatikbetrug","robots":{"index":"index","follow":"follow","max-snippet":"max-snippet:-1","max-image-preview":"max-image-preview:large","max-video-preview":"max-video-preview:-1"},"canonical":"https:\/\/spacetest.com\/de\/azienda\/antifrode\/","og_locale":"de_DE","og_type":"article","og_title":"Informatikbetrug - Space Test","og_description":"&nbsp; Informatikbetrug\/Mitteilungen 01. Januar 2021 Sehr geehrte Damen und Herren, leider gibt es immer wieder Versuche von kriminellen Organisationen, Ihre Zahlungen auf unbekannte Konten statt auf die Konten unserer Firma \u00fcberweisen zu lassen. Bitte beachten Sie,... View Article","og_url":"https:\/\/spacetest.com\/fr\/azienda\/antifrode\/","og_site_name":"Space Test","article_modified_time":"2021-02-19T09:32:42+00:00","twitter_card":"summary","twitter_misc":{"Gesch\u00e4tzte Lesezeit":"3\u00a0Minuten"},"schema":{"@context":"https:\/\/schema.org","@graph":[{"@type":"WebSite","@id":"https:\/\/spacetest.com\/#website","url":"https:\/\/spacetest.com\/","name":"Space Test","description":"","potentialAction":[{"@type":"SearchAction","target":{"@type":"EntryPoint","urlTemplate":"https:\/\/spacetest.com\/?s={search_term_string}"},"query-input":"required name=search_term_string"}],"inLanguage":"de"},{"@type":"WebPage","@id":"https:\/\/spacetest.com\/fr\/azienda\/antifrode\/#webpage","url":"https:\/\/spacetest.com\/fr\/azienda\/antifrode\/","name":"Informatikbetrug - Space Test","isPartOf":{"@id":"https:\/\/spacetest.com\/#website"},"datePublished":"2015-02-03T10:36:08+00:00","dateModified":"2021-02-19T09:32:42+00:00","breadcrumb":{"@id":"https:\/\/spacetest.com\/fr\/azienda\/antifrode\/#breadcrumb"},"inLanguage":"de","potentialAction":[{"@type":"ReadAction","target":["https:\/\/spacetest.com\/fr\/azienda\/antifrode\/"]}]},{"@type":"BreadcrumbList","@id":"https:\/\/spacetest.com\/fr\/azienda\/antifrode\/#breadcrumb","itemListElement":[{"@type":"ListItem","position":1,"name":"Home","item":"https:\/\/spacetest.com\/"},{"@type":"ListItem","position":2,"name":"Azienda","item":"https:\/\/spacetest.com\/es\/azienda\/"},{"@type":"ListItem","position":3,"name":"Fraudes web"}]}]}},"_links":{"self":[{"href":"https:\/\/spacetest.com\/de\/wp-json\/wp\/v2\/pages\/3798"}],"collection":[{"href":"https:\/\/spacetest.com\/de\/wp-json\/wp\/v2\/pages"}],"about":[{"href":"https:\/\/spacetest.com\/de\/wp-json\/wp\/v2\/types\/page"}],"author":[{"embeddable":true,"href":"https:\/\/spacetest.com\/de\/wp-json\/wp\/v2\/users\/1"}],"replies":[{"embeddable":true,"href":"https:\/\/spacetest.com\/de\/wp-json\/wp\/v2\/comments?post=3798"}],"version-history":[{"count":37,"href":"https:\/\/spacetest.com\/de\/wp-json\/wp\/v2\/pages\/3798\/revisions"}],"predecessor-version":[{"id":10670,"href":"https:\/\/spacetest.com\/de\/wp-json\/wp\/v2\/pages\/3798\/revisions\/10670"}],"up":[{"embeddable":true,"href":"https:\/\/spacetest.com\/de\/wp-json\/wp\/v2\/pages\/3796"}],"wp:attachment":[{"href":"https:\/\/spacetest.com\/de\/wp-json\/wp\/v2\/media?parent=3798"}],"curies":[{"name":"wp","href":"https:\/\/api.w.org\/{rel}","templated":true}]}}